{"id":176,"date":"2013-10-22T06:47:53","date_gmt":"2013-10-22T04:47:53","guid":{"rendered":"http:\/\/www.flughafen-taxi-innsbruck.at\/?page_id=176"},"modified":"2024-10-07T22:37:04","modified_gmt":"2024-10-07T20:37:04","slug":"taxi-innsbruck","status":"publish","type":"page","link":"https:\/\/www.taxi-central-innsbruck.com\/de\/taxi-central-innsbruck\/taxi-innsbruck\/","title":{"rendered":"Taxi Innsbruck"},"content":{"rendered":"\n<style type=\"text\/css\" data-created_by=\"avia_inline_auto\" id=\"style-css-av-av_section-e10b2d60984818717f761bbc1f6c77fc\">\n.avia-section.av-av_section-e10b2d60984818717f761bbc1f6c77fc{\nbackground-repeat:no-repeat;\nbackground-image:url(http:\/\/www.taxi-central-innsbruck.com\/wp-content\/uploads\/2013\/08\/taxi-innsbruck1.jpg);\nbackground-position:50% 0%;\nbackground-attachment:fixed;\n}\n<\/style>\n<div id='av_section_1'  class='avia-section av-av_section-e10b2d60984818717f761bbc1f6c77fc main_color avia-section-large avia-no-shadow  avia-builder-el-0  el_before_av_one_full  avia-builder-el-first  avia-bg-style-fixed container_wrap sidebar_right'  data-section-bg-repeat='no-repeat'><div class='container av-section-cont-open' ><main  role=\"main\" itemprop=\"mainContentOfPage\"  class='template-page content  av-content-small alpha units'><div class='post-entry post-entry-type-page post-entry-176'><div class='entry-content-wrapper clearfix'>\n<div  class='av_promobox av-av_promobox-1e30a99352a04e13e1f043e7ac757caf avia-button-no  avia-builder-el-1  avia-builder-el-no-sibling '><div class='avia-promocontent'><h4 style=\"text-align: center;\">Bei uns k\u00f6nnen sie sich den Fahrpreis ganz einfach und bequem durch unseren Taxipreisrechner im Voraus berechnen lassen und auch sofort buchen. Die Bezahlung erfolgt erst beim Fahrer.<\/h4>\n<p><a class=\"lightbox\" href=\"\/taxismart\/?lightbox&#091;iframe&#093;=true&amp;lightbox&#091;width&#093;=930&amp;lightbox&#091;height&#093;=400\"><img loading=\"lazy\" decoding=\"async\" class=\"size-full wp-image-100 aligncenter\" src=\"http:\/\/www.taxi-central-innsbruck.com\/wp-content\/uploads\/2013\/08\/taxi-innsbruck.png\" alt=\"taxi innsbruck\" width=\"300\" height=\"66\" \/><\/a><\/p>\n<\/div><\/div>\n<\/div><\/div><\/main><!-- close content main element --><\/div><\/div><div id='after_section_1'  class='main_color av_default_container_wrap container_wrap sidebar_right'  ><div class='container av-section-cont-open' ><div class='template-page content  av-content-small alpha units'><div class='post-entry post-entry-type-page post-entry-176'><div class='entry-content-wrapper clearfix'>\n<div  class='flex_column av-av_one_full-2a9015ff38129c418a3f2eafba3e9512 av_one_full  avia-builder-el-2  el_after_av_section  el_before_av_section  avia-builder-el-no-sibling  first flex_column_div  '     ><section  class='av_textblock_section av-av_textblock-aaf3a53f7e22769a7798f31e42769683 '   itemscope=\"itemscope\" itemtype=\"https:\/\/schema.org\/CreativeWork\" ><div class='avia_textblock'  itemprop=\"text\" ><h1 style=\"text-align: center;\">Taxi Innsbruck<\/h1>\n<\/div><\/section><br \/>\n<div  class='hr av-av_hr-c69e1af1bad63c3964cc522caf796498 hr-short  avia-builder-el-4  el_after_av_textblock  el_before_av_textblock  hr-center'><span class='hr-inner '><span class=\"hr-inner-style\"><\/span><\/span><\/div><\/p>\n<section  class='av_textblock_section av-av_textblock-aaf3a53f7e22769a7798f31e42769683 '   itemscope=\"itemscope\" itemtype=\"https:\/\/schema.org\/CreativeWork\" ><div class='avia_textblock'  itemprop=\"text\" ><h1 style=\"text-align: center;\"><\/h1>\n<p style=\"text-align: center;\">Sie brauchen ein ortskundiges Taxi zu Ihrem Hotel in Innsbruck? Wir stehen Ihnen sieben Tage die Woche, 24 Stunden am Tag zur Verf\u00fcgung. Die Buchung k\u00f6nnen Sie jederzeit online vornehmen. Sie k\u00f6nnen das Buchungsformular ausf\u00fcllen, uns ein Email schreiben oder uns einfach anrufen.<\/p>\n<\/div><\/section><\/div>\n<\/div><\/div><\/div><!-- close content main div --><\/div><\/div>\n<style type=\"text\/css\" data-created_by=\"avia_inline_auto\" id=\"style-css-av-av_section-4f7e9717693efc873d0f41f964a3d466\">\n.avia-section.av-av_section-4f7e9717693efc873d0f41f964a3d466{\nbackground-color:#ededed;\nbackground-image:unset;\n}\n<\/style>\n<div id='av_section_2'  class='avia-section av-av_section-4f7e9717693efc873d0f41f964a3d466 main_color avia-section-small avia-shadow  avia-builder-el-6  el_after_av_one_full  avia-builder-el-last  avia-bg-style-fixed container_wrap sidebar_right'  ><div class='container av-section-cont-open' ><div class='template-page content  av-content-small alpha units'><div class='post-entry post-entry-type-page post-entry-176'><div class='entry-content-wrapper clearfix'>\n<section  class='av_textblock_section av-av_textblock-0366cc7376be6c9e82a3e9cc8987b64f '   itemscope=\"itemscope\" itemtype=\"https:\/\/schema.org\/CreativeWork\" ><div class='avia_textblock'  itemprop=\"text\" ><h2 style=\"text-align: center;\">Kontakt<\/h2>\n<\/div><\/section>\n<div  class='hr av-av_hr-c69e1af1bad63c3964cc522caf796498 hr-short  avia-builder-el-8  el_after_av_textblock  el_before_av_one_half  hr-center'><span class='hr-inner '><span class=\"hr-inner-style\"><\/span><\/span><\/div>\n<div  class='flex_column av-av_one_half-2a9015ff38129c418a3f2eafba3e9512 av_one_half  avia-builder-el-9  el_after_av_hr  el_before_av_one_half  first flex_column_div  '     ><article  class='iconbox iconbox_top av-av_icon_box-c512d06b724dab6bdedee379f30a64a2  avia-builder-el-10  avia-builder-el-no-sibling  main_color'  itemscope=\"itemscope\" itemtype=\"https:\/\/schema.org\/CreativeWork\" ><div class=\"iconbox_content\"><header class=\"entry-content-header\" aria-label=\"Icon: \"><div class=\"iconbox_icon heading-color\" aria-hidden='true' data-av_icon='' data-av_iconfont='entypo-fontello'><\/div><\/header><div class='iconbox_content_container '  itemprop=\"text\" ><h2 style=\"text-align: center;\"><a href=\"tel:+436767337706\">+43 676 733 77 06<\/a><\/h2>\n<\/div><\/div><footer class=\"entry-footer\"><\/footer><\/article><\/div>\n<style type=\"text\/css\" data-created_by=\"avia_inline_auto\" id=\"style-css-av-av_one_half-2a64de42b738552fe666ca889af77e28\">\n.flex_column.av-av_one_half-2a64de42b738552fe666ca889af77e28{\nborder-radius:0px 0px 0px 0px;\npadding:0px 0px 0px 0px;\n}\n<\/style>\n<div  class='flex_column av-av_one_half-2a64de42b738552fe666ca889af77e28 av_one_half  avia-builder-el-11  el_after_av_one_half  avia-builder-el-last  flex_column_div av-zero-column-padding  '     ><article  class='iconbox iconbox_top av-av_icon_box-ded68f759e726df6c22e4592d4bdb12f  avia-builder-el-12  avia-builder-el-no-sibling  main_color'  itemscope=\"itemscope\" itemtype=\"https:\/\/schema.org\/CreativeWork\" ><div class=\"iconbox_content\"><header class=\"entry-content-header\" aria-label=\"Icon: \"><div class=\"iconbox_icon heading-color\" aria-hidden='true' data-av_icon='' data-av_iconfont='entypo-fontello'><\/div><\/header><div class='iconbox_content_container '  itemprop=\"text\" ><h2 style=\"text-align: center;\">office@taxi-central.at<\/h2>\n<\/div><\/div><footer class=\"entry-footer\"><\/footer><\/article><\/div><\/div><\/div><\/div><!-- close content main div --><\/div><\/div><div id='after_section_2'  class='main_color av_default_container_wrap container_wrap sidebar_right'  ><div class='container av-section-cont-open' ><div class='template-page content  av-content-small alpha units'><div class='post-entry post-entry-type-page post-entry-176'><div class='entry-content-wrapper clearfix'>\n","protected":false},"excerpt":{"rendered":"","protected":false},"author":3,"featured_media":0,"parent":245,"menu_order":0,"comment_status":"closed","ping_status":"closed","template":"","meta":{"footnotes":""},"class_list":["post-176","page","type-page","status-publish","hentry"],"yoast_head":"<!-- This site is optimized with the Yoast SEO plugin v24.0 - https:\/\/yoast.com\/wordpress\/plugins\/seo\/ -->\n<title>Taxi Innsbruck - Taxi Central Innsbruck Tirol Austria<\/title>\n<meta name=\"description\" content=\"Taxi Innsbruck -\" \/>\n<meta name=\"robots\" content=\"index, follow, max-snippet:-1, max-image-preview:large, max-video-preview:-1\" \/>\n<link rel=\"canonical\" href=\"https:\/\/www.taxi-central-innsbruck.com\/de\/taxi-central-innsbruck\/taxi-innsbruck\/\" \/>\n<meta property=\"og:locale\" content=\"de_DE\" \/>\n<meta property=\"og:type\" content=\"article\" \/>\n<meta property=\"og:title\" content=\"Taxi Innsbruck - Taxi Central Innsbruck Tirol Austria\" \/>\n<meta property=\"og:description\" content=\"Taxi Innsbruck -\" \/>\n<meta property=\"og:url\" content=\"https:\/\/www.taxi-central-innsbruck.com\/de\/taxi-central-innsbruck\/taxi-innsbruck\/\" \/>\n<meta property=\"og:site_name\" content=\"Taxi Central Innsbruck Tirol Austria\" \/>\n<meta property=\"article:modified_time\" content=\"2024-10-07T20:37:04+00:00\" \/>\n<meta property=\"og:image\" content=\"http:\/\/www.taxi-central-innsbruck.com\/wp-content\/uploads\/2013\/08\/taxi-innsbruck.png\" \/>\n<meta name=\"twitter:label1\" content=\"Gesch\u00e4tzte Lesezeit\" \/>\n\t<meta name=\"twitter:data1\" content=\"2\u00a0Minuten\" \/>\n<script type=\"application\/ld+json\" class=\"yoast-schema-graph\">{\"@context\":\"https:\/\/schema.org\",\"@graph\":[{\"@type\":\"WebPage\",\"@id\":\"https:\/\/www.taxi-central-innsbruck.com\/de\/taxi-central-innsbruck\/taxi-innsbruck\/\",\"url\":\"https:\/\/www.taxi-central-innsbruck.com\/de\/taxi-central-innsbruck\/taxi-innsbruck\/\",\"name\":\"Taxi Innsbruck - Taxi Central Innsbruck Tirol Austria\",\"isPartOf\":{\"@id\":\"https:\/\/www.taxi-central-innsbruck.com\/de\/#website\"},\"primaryImageOfPage\":{\"@id\":\"https:\/\/www.taxi-central-innsbruck.com\/de\/taxi-central-innsbruck\/taxi-innsbruck\/#primaryimage\"},\"image\":{\"@id\":\"https:\/\/www.taxi-central-innsbruck.com\/de\/taxi-central-innsbruck\/taxi-innsbruck\/#primaryimage\"},\"thumbnailUrl\":\"http:\/\/www.taxi-central-innsbruck.com\/wp-content\/uploads\/2013\/08\/taxi-innsbruck.png\",\"datePublished\":\"2013-10-22T04:47:53+00:00\",\"dateModified\":\"2024-10-07T20:37:04+00:00\",\"description\":\"Taxi Innsbruck -\",\"breadcrumb\":{\"@id\":\"https:\/\/www.taxi-central-innsbruck.com\/de\/taxi-central-innsbruck\/taxi-innsbruck\/#breadcrumb\"},\"inLanguage\":\"de\",\"potentialAction\":[{\"@type\":\"ReadAction\",\"target\":[\"https:\/\/www.taxi-central-innsbruck.com\/de\/taxi-central-innsbruck\/taxi-innsbruck\/\"]}]},{\"@type\":\"ImageObject\",\"inLanguage\":\"de\",\"@id\":\"https:\/\/www.taxi-central-innsbruck.com\/de\/taxi-central-innsbruck\/taxi-innsbruck\/#primaryimage\",\"url\":\"http:\/\/www.taxi-central-innsbruck.com\/wp-content\/uploads\/2013\/08\/taxi-innsbruck.png\",\"contentUrl\":\"http:\/\/www.taxi-central-innsbruck.com\/wp-content\/uploads\/2013\/08\/taxi-innsbruck.png\"},{\"@type\":\"BreadcrumbList\",\"@id\":\"https:\/\/www.taxi-central-innsbruck.com\/de\/taxi-central-innsbruck\/taxi-innsbruck\/#breadcrumb\",\"itemListElement\":[{\"@type\":\"ListItem\",\"position\":1,\"name\":\"Taxi Central Innsbruck\",\"item\":\"https:\/\/www.taxi-central-innsbruck.com\/de\/taxi-central-innsbruck\/\"},{\"@type\":\"ListItem\",\"position\":2,\"name\":\"Taxi Innsbruck\"}]},{\"@type\":\"WebSite\",\"@id\":\"https:\/\/www.taxi-central-innsbruck.com\/de\/#website\",\"url\":\"https:\/\/www.taxi-central-innsbruck.com\/de\/\",\"name\":\"Taxi Central Innsbruck Tirol Austria\",\"description\":\"www.taxi-central.at\",\"potentialAction\":[{\"@type\":\"SearchAction\",\"target\":{\"@type\":\"EntryPoint\",\"urlTemplate\":\"https:\/\/www.taxi-central-innsbruck.com\/de\/?s={search_term_string}\"},\"query-input\":{\"@type\":\"PropertyValueSpecification\",\"valueRequired\":true,\"valueName\":\"search_term_string\"}}],\"inLanguage\":\"de\"}]}<\/script>\n<!-- \/ Yoast SEO plugin. -->","yoast_head_json":{"title":"Taxi Innsbruck - Taxi Central Innsbruck Tirol Austria","description":"Taxi Innsbruck -","robots":{"index":"index","follow":"follow","max-snippet":"max-snippet:-1","max-image-preview":"max-image-preview:large","max-video-preview":"max-video-preview:-1"},"canonical":"https:\/\/www.taxi-central-innsbruck.com\/de\/taxi-central-innsbruck\/taxi-innsbruck\/","og_locale":"de_DE","og_type":"article","og_title":"Taxi Innsbruck - Taxi Central Innsbruck Tirol Austria","og_description":"Taxi Innsbruck -","og_url":"https:\/\/www.taxi-central-innsbruck.com\/de\/taxi-central-innsbruck\/taxi-innsbruck\/","og_site_name":"Taxi Central Innsbruck Tirol Austria","article_modified_time":"2024-10-07T20:37:04+00:00","og_image":[{"url":"http:\/\/www.taxi-central-innsbruck.com\/wp-content\/uploads\/2013\/08\/taxi-innsbruck.png","type":"","width":"","height":""}],"twitter_misc":{"Gesch\u00e4tzte Lesezeit":"2\u00a0Minuten"},"schema":{"@context":"https:\/\/schema.org","@graph":[{"@type":"WebPage","@id":"https:\/\/www.taxi-central-innsbruck.com\/de\/taxi-central-innsbruck\/taxi-innsbruck\/","url":"https:\/\/www.taxi-central-innsbruck.com\/de\/taxi-central-innsbruck\/taxi-innsbruck\/","name":"Taxi Innsbruck - Taxi Central Innsbruck Tirol Austria","isPartOf":{"@id":"https:\/\/www.taxi-central-innsbruck.com\/de\/#website"},"primaryImageOfPage":{"@id":"https:\/\/www.taxi-central-innsbruck.com\/de\/taxi-central-innsbruck\/taxi-innsbruck\/#primaryimage"},"image":{"@id":"https:\/\/www.taxi-central-innsbruck.com\/de\/taxi-central-innsbruck\/taxi-innsbruck\/#primaryimage"},"thumbnailUrl":"http:\/\/www.taxi-central-innsbruck.com\/wp-content\/uploads\/2013\/08\/taxi-innsbruck.png","datePublished":"2013-10-22T04:47:53+00:00","dateModified":"2024-10-07T20:37:04+00:00","description":"Taxi Innsbruck -","breadcrumb":{"@id":"https:\/\/www.taxi-central-innsbruck.com\/de\/taxi-central-innsbruck\/taxi-innsbruck\/#breadcrumb"},"inLanguage":"de","potentialAction":[{"@type":"ReadAction","target":["https:\/\/www.taxi-central-innsbruck.com\/de\/taxi-central-innsbruck\/taxi-innsbruck\/"]}]},{"@type":"ImageObject","inLanguage":"de","@id":"https:\/\/www.taxi-central-innsbruck.com\/de\/taxi-central-innsbruck\/taxi-innsbruck\/#primaryimage","url":"http:\/\/www.taxi-central-innsbruck.com\/wp-content\/uploads\/2013\/08\/taxi-innsbruck.png","contentUrl":"http:\/\/www.taxi-central-innsbruck.com\/wp-content\/uploads\/2013\/08\/taxi-innsbruck.png"},{"@type":"BreadcrumbList","@id":"https:\/\/www.taxi-central-innsbruck.com\/de\/taxi-central-innsbruck\/taxi-innsbruck\/#breadcrumb","itemListElement":[{"@type":"ListItem","position":1,"name":"Taxi Central Innsbruck","item":"https:\/\/www.taxi-central-innsbruck.com\/de\/taxi-central-innsbruck\/"},{"@type":"ListItem","position":2,"name":"Taxi Innsbruck"}]},{"@type":"WebSite","@id":"https:\/\/www.taxi-central-innsbruck.com\/de\/#website","url":"https:\/\/www.taxi-central-innsbruck.com\/de\/","name":"Taxi Central Innsbruck Tirol Austria","description":"www.taxi-central.at","potentialAction":[{"@type":"SearchAction","target":{"@type":"EntryPoint","urlTemplate":"https:\/\/www.taxi-central-innsbruck.com\/de\/?s={search_term_string}"},"query-input":{"@type":"PropertyValueSpecification","valueRequired":true,"valueName":"search_term_string"}}],"inLanguage":"de"}]}},"_links":{"self":[{"href":"https:\/\/www.taxi-central-innsbruck.com\/de\/wp-json\/wp\/v2\/pages\/176"}],"collection":[{"href":"https:\/\/www.taxi-central-innsbruck.com\/de\/wp-json\/wp\/v2\/pages"}],"about":[{"href":"https:\/\/www.taxi-central-innsbruck.com\/de\/wp-json\/wp\/v2\/types\/page"}],"author":[{"embeddable":true,"href":"https:\/\/www.taxi-central-innsbruck.com\/de\/wp-json\/wp\/v2\/users\/3"}],"replies":[{"embeddable":true,"href":"https:\/\/www.taxi-central-innsbruck.com\/de\/wp-json\/wp\/v2\/comments?post=176"}],"version-history":[{"count":3,"href":"https:\/\/www.taxi-central-innsbruck.com\/de\/wp-json\/wp\/v2\/pages\/176\/revisions"}],"predecessor-version":[{"id":750,"href":"https:\/\/www.taxi-central-innsbruck.com\/de\/wp-json\/wp\/v2\/pages\/176\/revisions\/750"}],"up":[{"embeddable":true,"href":"https:\/\/www.taxi-central-innsbruck.com\/de\/wp-json\/wp\/v2\/pages\/245"}],"wp:attachment":[{"href":"https:\/\/www.taxi-central-innsbruck.com\/de\/wp-json\/wp\/v2\/media?parent=176"}],"curies":[{"name":"wp","href":"https:\/\/api.w.org\/{rel}","templated":true}]}}