{"id":259,"date":"2013-11-04T08:14:58","date_gmt":"2013-11-04T06:14:58","guid":{"rendered":"http:\/\/www.flughafen-taxi-innsbruck.at\/?page_id=259"},"modified":"2024-12-20T19:53:47","modified_gmt":"2024-12-20T17:53:47","slug":"flughafen-transfer-innsbruck","status":"publish","type":"page","link":"https:\/\/www.taxi-central-innsbruck.com\/de\/flughafen-transfer-innsbruck\/","title":{"rendered":"Flughafen Transfer Innsbruck"},"content":{"rendered":"<div id='av_section_1'  class='avia-section av-4pghhf-b3d00c4d67f625e233212c542d23465b main_color avia-section-default avia-no-shadow  avia-builder-el-0  el_before_av_one_full  avia-builder-el-first  avia-bg-style-parallax container_wrap sidebar_right'  ><div class='container av-section-cont-open' ><main  role=\"main\" itemprop=\"mainContentOfPage\"  class='template-page content  av-content-small alpha units'><div class='post-entry post-entry-type-page post-entry-259'><div class='entry-content-wrapper clearfix'>\n<div  class='flex_column av-4lh9mb-ba484d56ec295108aa2cb82bdfc7534b av_two_third  avia-builder-el-1  el_before_av_one_third  avia-builder-el-first  first flex_column_div  '     ><div  class='avia-slideshow av-1cgh4j-121c396de471edc9d6ba570580b8ddcd avia-slideshow-no scaling av_slideshow avia-slide_up-slider  avia-builder-el-2  avia-builder-el-no-sibling  av-slideshow-ui av-control-minimal av-slideshow-autoplay av-loop-endless av-loop-manual-endless av-default-height-applied avia-slideshow-1' data-slideshow-options=\"{&quot;animation&quot;:&quot;slide_up&quot;,&quot;autoplay&quot;:true,&quot;loop_autoplay&quot;:&quot;endless&quot;,&quot;interval&quot;:5,&quot;loop_manual&quot;:&quot;manual-endless&quot;,&quot;autoplay_stopper&quot;:false,&quot;noNavigation&quot;:false,&quot;bg_slider&quot;:false,&quot;keep_padding&quot;:false,&quot;hoverpause&quot;:false,&quot;show_slide_delay&quot;:0}\"  itemprop=\"image\" itemscope=\"itemscope\" itemtype=\"https:\/\/schema.org\/ImageObject\" ><ul class='avia-slideshow-inner ' style='padding-bottom: 58.4084084084%;'><li  class='avia-slideshow-slide av-1cgh4j-121c396de471edc9d6ba570580b8ddcd__0  slide-1 slide-odd'><div data-rel='slideshow-1' class='avia-slide-wrap '   ><img decoding=\"async\" fetchpriority=\"high\" class=\"wp-image-1167 avia-img-lazy-loading-not-1167\"  src=\"https:\/\/www.taxi-central-innsbruck.com\/wp-content\/uploads\/2024\/12\/innsbruck-taxi_airport_4.png\" width=\"666\" height=\"389\" title='innsbruck-taxi_airport_4' alt='Mercedes taxi central service for Innsbruck airport transfer, parked outside the terminal ready for passengers.'  itemprop=\"thumbnailUrl\" srcset=\"https:\/\/www.taxi-central-innsbruck.com\/wp-content\/uploads\/2024\/12\/innsbruck-taxi_airport_4.png 666w, https:\/\/www.taxi-central-innsbruck.com\/wp-content\/uploads\/2024\/12\/innsbruck-taxi_airport_4-300x175.png 300w\" sizes=\"(max-width: 666px) 100vw, 666px\" \/><\/div><\/li><li  class='avia-slideshow-slide av-1cgh4j-121c396de471edc9d6ba570580b8ddcd__4  slide-2 slide-even'><div data-rel='slideshow-1' class='avia-slide-wrap '   ><img decoding=\"async\" fetchpriority=\"high\" class=\"wp-image-1179 avia-img-lazy-loading-not-1179\"  src=\"https:\/\/www.taxi-central-innsbruck.com\/wp-content\/uploads\/2024\/12\/innsbruck-taxi_airport_1.png\" width=\"666\" height=\"389\" title='innsbruck-taxi_airport_1' alt='Mercedes taxi central service for smooth Innsbruck airport transfer, parked and ready for passengers.'  itemprop=\"thumbnailUrl\" srcset=\"https:\/\/www.taxi-central-innsbruck.com\/wp-content\/uploads\/2024\/12\/innsbruck-taxi_airport_1.png 666w, https:\/\/www.taxi-central-innsbruck.com\/wp-content\/uploads\/2024\/12\/innsbruck-taxi_airport_1-300x175.png 300w\" sizes=\"(max-width: 666px) 100vw, 666px\" \/><\/div><\/li><\/ul><div class='avia-slideshow-arrows avia-slideshow-controls' ><a href='#prev' class='prev-slide ' aria-hidden='true' data-av_icon='\ue87c' data-av_iconfont='entypo-fontello'  tabindex='-1'>Zur\u00fcck<\/a><a href='#next' class='next-slide ' aria-hidden='true' data-av_icon='\ue87d' data-av_iconfont='entypo-fontello'  tabindex='-1'>Weiter<\/a><\/div><div class='avia-slideshow-dots avia-slideshow-controls'><a href='#1' class='goto-slide active' >1<\/a><a href='#2' class='goto-slide ' >2<\/a><\/div><\/div><\/div><div  class='flex_column av-31fy5v-fc2d615ebea38747db09a28c6e724ce4 av_one_third  avia-builder-el-3  el_after_av_two_third  avia-builder-el-last  flex_column_div  '     ><div  class='avia-icon-list-container av-2z2k37-25087d3c76c22ee287d3681141c3f834  avia-builder-el-4  avia-builder-el-no-sibling '><ul class='avia-icon-list avia_animate_when_almost_visible avia-icon-list-left av-iconlist-big av-2z2k37-25087d3c76c22ee287d3681141c3f834 avia-iconlist-animate'>\n<li><div class='iconlist_icon av-2sr8g3-7a08a7516e3850284feadd6aa16fdfd0 avia-font-entypo-fontello'><span class='iconlist-char' aria-hidden='true' data-av_icon='\ue808' data-av_iconfont='entypo-fontello'><\/span><\/div><article class=\"article-icon-entry av-iconlist-empty\"  itemscope=\"itemscope\" itemtype=\"https:\/\/schema.org\/CreativeWork\" ><div class=\"iconlist_content_wrap\"><header class=\"entry-content-header\" aria-label=\"Icon: EXZELENTE CHAUFFEURE\"><h4 class='av_iconlist_title iconlist_title  '  itemprop=\"headline\" >EXZELENTE CHAUFFEURE<\/h4><\/header><div class='iconlist_content '  itemprop=\"text\" ><\/div><\/div><footer class=\"entry-footer\"><\/footer><\/article><div class=\"iconlist-timeline\"><\/div><\/li>\n<li><div class='iconlist_icon av-2kyiqj-7f3bdf5b5baf4a3ad1adb3f3ec277fb5 avia-font-entypo-fontello'><span class='iconlist-char' aria-hidden='true' data-av_icon='\ue808' data-av_iconfont='entypo-fontello'><\/span><\/div><article class=\"article-icon-entry av-iconlist-empty\"  itemscope=\"itemscope\" itemtype=\"https:\/\/schema.org\/CreativeWork\" ><div class=\"iconlist_content_wrap\"><header class=\"entry-content-header\" aria-label=\"Icon: NEUESTE FAHRZEUGE\"><h4 class='av_iconlist_title iconlist_title  '  itemprop=\"headline\" >NEUESTE FAHRZEUGE<\/h4><\/header><div class='iconlist_content '  itemprop=\"text\" ><\/div><\/div><footer class=\"entry-footer\"><\/footer><\/article><div class=\"iconlist-timeline\"><\/div><\/li>\n<li><div class='iconlist_icon av-2c6w2z-da91c67c6415d71cf01f947675adced2 avia-font-entypo-fontello'><span class='iconlist-char' aria-hidden='true' data-av_icon='\ue808' data-av_iconfont='entypo-fontello'><\/span><\/div><article class=\"article-icon-entry av-iconlist-empty\"  itemscope=\"itemscope\" itemtype=\"https:\/\/schema.org\/CreativeWork\" ><div class=\"iconlist_content_wrap\"><header class=\"entry-content-header\" aria-label=\"Icon: 100% TERMINTREUE\"><h4 class='av_iconlist_title iconlist_title  '  itemprop=\"headline\" >100% TERMINTREUE<\/h4><\/header><div class='iconlist_content '  itemprop=\"text\" ><\/div><\/div><footer class=\"entry-footer\"><\/footer><\/article><div class=\"iconlist-timeline\"><\/div><\/li>\n<li><div class='iconlist_icon av-28p2rf-d6203e9d256aed4c87cd4347e694def6 avia-font-entypo-fontello'><span class='iconlist-char' aria-hidden='true' data-av_icon='\ue808' data-av_iconfont='entypo-fontello'><\/span><\/div><article class=\"article-icon-entry av-iconlist-empty\"  itemscope=\"itemscope\" itemtype=\"https:\/\/schema.org\/CreativeWork\" ><div class=\"iconlist_content_wrap\"><header class=\"entry-content-header\" aria-label=\"Icon: 100% SICHERHEIT\"><h4 class='av_iconlist_title iconlist_title  '  itemprop=\"headline\" >100% SICHERHEIT<\/h4><\/header><div class='iconlist_content '  itemprop=\"text\" ><\/div><\/div><footer class=\"entry-footer\"><\/footer><\/article><div class=\"iconlist-timeline\"><\/div><\/li>\n<li><div class='iconlist_icon av-21fnhv-acc22fd40f765043f83496c55c3598c2 avia-font-entypo-fontello'><span class='iconlist-char' aria-hidden='true' data-av_icon='\ue808' data-av_iconfont='entypo-fontello'><\/span><\/div><article class=\"article-icon-entry av-iconlist-empty\"  itemscope=\"itemscope\" itemtype=\"https:\/\/schema.org\/CreativeWork\" ><div class=\"iconlist_content_wrap\"><header class=\"entry-content-header\" aria-label=\"Icon: 100% BESTPREIS\"><h4 class='av_iconlist_title iconlist_title  '  itemprop=\"headline\" >100% BESTPREIS<\/h4><\/header><div class='iconlist_content '  itemprop=\"text\" ><\/div><\/div><footer class=\"entry-footer\"><\/footer><\/article><div class=\"iconlist-timeline\"><\/div><\/li>\n<\/ul><\/div><\/div>\n<\/div><\/div><\/main><!-- close content main element --><\/div><\/div><div id='after_section_1'  class='main_color av_default_container_wrap container_wrap sidebar_right'  ><div class='container av-section-cont-open' ><div class='template-page content  av-content-small alpha units'><div class='post-entry post-entry-type-page post-entry-259'><div class='entry-content-wrapper clearfix'>\n<div  class='flex_column av-6zahv-6651b0cc53b903e073b75b28b01b08b0 av_one_full  avia-builder-el-5  el_after_av_section  el_before_av_button  avia-builder-el-first  first flex_column_div  '     ><section  class='av_textblock_section av-1rezp7-346ece16113da88c3c8987f0d92c57eb '   itemscope=\"itemscope\" itemtype=\"https:\/\/schema.org\/CreativeWork\" ><div class='avia_textblock'  itemprop=\"text\" ><h2 style=\"text-align: center;\">Flughafen Transfer Innsbruck<\/h2>\n<\/div><\/section><br \/>\n<div  class='hr av-1ndtmb-443c791f4f00c462f00003a655997158 hr-short  avia-builder-el-7  el_after_av_textblock  el_before_av_textblock  hr-center'><span class='hr-inner '><span class=\"hr-inner-style\"><\/span><\/span><\/div><br \/>\n<section  class='av_textblock_section av-1ejccb-60fa3056d54f9cf55fe8a1a679043030 '   itemscope=\"itemscope\" itemtype=\"https:\/\/schema.org\/CreativeWork\" ><div class='avia_textblock'  itemprop=\"text\" ><h1 style=\"text-align: center;\"><\/h1>\n<p style=\"text-align: center;\">\n<p style=\"text-align: center;\">Unsere freundlichen, mehrsprachigen Chauffeure fahren nur mit erstklassigen Fahrzeugen. Unser <strong>Flughafen Transfer Innsbruck<\/strong> von und zum Innsbrucker Flughafen sowie zu allen anderen Flugh\u00e4fen der Region ist verl\u00e4sslich, komfortabel und sicher. Wir sind sehr flexibel und richten uns ganz nach Ihren Vorgaben. Wir stehen Ihnen 24\/7 zur Verf\u00fcgung.<\/p>\n<\/div><\/section><\/p><\/div><div  class='avia-button-wrap av-1a0977-478dc5e6ecb0058c4cefb44662177210-wrap avia-button-center  avia-builder-el-9  el_after_av_one_full  el_before_av_section  avia-builder-el-last '><a href='http:\/\/www.taxi-central-innsbruck.com\/onlinebuchung\/'  class='avia-button av-1a0977-478dc5e6ecb0058c4cefb44662177210 av-link-btn avia-icon_select-yes-left-icon avia-size-large avia-position-center avia-color-theme-color'   aria-label=\"Jetzt Online Buchen\"><span class='avia_button_icon avia_button_icon_left' aria-hidden='true' data-av_icon='\ue859' data-av_iconfont='entypo-fontello'><\/span><span class='avia_iconbox_title' >Jetzt Online Buchen<\/span><\/a><\/div><\/p>\n<\/div><\/div><\/div><!-- close content main div --><\/div><\/div>\n<style type=\"text\/css\" data-created_by=\"avia_inline_auto\" id=\"style-css-av-10d523-df13cc440f62a27d568886ecf141bff8\">\n.avia-section.av-10d523-df13cc440f62a27d568886ecf141bff8 .av-parallax .av-parallax-inner{\nbackground-color:#ededed;\nbackground-image:url(https:\/\/www.taxi-central-innsbruck.com\/wp-content\/uploads\/2013\/08\/flughafentaxi-innsbruck3.jpg);\nbackground-repeat:no-repeat;\nbackground-position:50% 0%;\nbackground-attachment:scroll;\n}\n<\/style>\n<div id='av_section_2'  class='avia-section av-10d523-df13cc440f62a27d568886ecf141bff8 footer_color avia-section-large avia-shadow  avia-builder-el-10  el_after_av_button  el_before_av_textblock  av-parallax-section avia-bg-style-parallax container_wrap sidebar_right'  data-section-bg-repeat='no-repeat'><div class='av-parallax' data-avia-parallax-ratio='0.3' ><div class='av-parallax-inner footer_color avia-full-stretch'><\/div><\/div><div class='container av-section-cont-open' ><div class='template-page content  av-content-small alpha units'><div class='post-entry post-entry-type-page post-entry-259'><div class='entry-content-wrapper clearfix'>\n<section  class='av_textblock_section av-zcdr7-0195a02e74e52aaa34f6d59f77dd6c33 '   itemscope=\"itemscope\" itemtype=\"https:\/\/schema.org\/CreativeWork\" ><div class='avia_textblock'  itemprop=\"text\" ><h2 style=\"text-align: center;\">Kontakt<\/h2>\n<\/div><\/section>\n<div  class='flex_column av-sr1rv-479fe68d87b8fb4cb65ca7ed35f86200 av_one_half  avia-builder-el-12  el_after_av_textblock  el_before_av_one_half  first flex_column_div  column-top-margin'     ><article  class='iconbox iconbox_top av-iy7m3-a4867e449211d90a7fd00e269d358de5  avia-builder-el-13  avia-builder-el-no-sibling  main_color'  itemscope=\"itemscope\" itemtype=\"https:\/\/schema.org\/CreativeWork\" ><div class=\"iconbox_content\"><header class=\"entry-content-header\" aria-label=\"Icon: \"><div class=\"iconbox_icon heading-color\" aria-hidden='true' data-av_icon='' data-av_iconfont='entypo-fontello'><\/div><\/header><div class='iconbox_content_container '  itemprop=\"text\" ><h2 style=\"text-align: center;\"><a href=\"tel:+436767337706\">+43 676 733 77 06<\/a><\/h2>\n<\/div><\/div><footer class=\"entry-footer\"><\/footer><\/article><\/div>\n<style type=\"text\/css\" data-created_by=\"avia_inline_auto\" id=\"style-css-av-eceh7-78ae6aba1b18df012d9e4588ba2d2a23\">\n.flex_column.av-eceh7-78ae6aba1b18df012d9e4588ba2d2a23{\nborder-radius:0px 0px 0px 0px;\npadding:0px 0px 0px 0px;\n}\n<\/style>\n<div  class='flex_column av-eceh7-78ae6aba1b18df012d9e4588ba2d2a23 av_one_half  avia-builder-el-14  el_after_av_one_half  avia-builder-el-last  flex_column_div av-zero-column-padding  column-top-margin'     ><article  class='iconbox iconbox_top av-ad5ub-7fe043f12c74fe4dcd4cf2c0e5b9a581  avia-builder-el-15  avia-builder-el-no-sibling  main_color'  itemscope=\"itemscope\" itemtype=\"https:\/\/schema.org\/CreativeWork\" ><div class=\"iconbox_content\"><header class=\"entry-content-header\" aria-label=\"Icon: \"><div class=\"iconbox_icon heading-color\" aria-hidden='true' data-av_icon='' data-av_iconfont='entypo-fontello'><\/div><\/header><div class='iconbox_content_container '  itemprop=\"text\" ><h2 style=\"text-align: center;\"><a href=\"mailto:office@taxi-central.at\">office@taxi-central.at<\/a><\/h2>\n<\/div><\/div><footer class=\"entry-footer\"><\/footer><\/article><\/div>\n<\/div><\/div><\/div><!-- close content main div --><\/div><\/div><div id='after_section_2'  class='main_color av_default_container_wrap container_wrap sidebar_right'  ><div class='container av-section-cont-open' ><div class='template-page content  av-content-small alpha units'><div class='post-entry post-entry-type-page post-entry-259'><div class='entry-content-wrapper clearfix'>\n\n<style type=\"text\/css\" data-created_by=\"avia_inline_auto\" id=\"style-css-av-m4x1t69o-95d86e4355792349ce2a03518f158d88\">\n#top .av_textblock_section.av-m4x1t69o-95d86e4355792349ce2a03518f158d88 .avia_textblock{\ntext-align:center;\n}\n<\/style>\n<section  class='av_textblock_section av-m4x1t69o-95d86e4355792349ce2a03518f158d88 '   itemscope=\"itemscope\" itemtype=\"https:\/\/schema.org\/CreativeWork\" ><div class='avia_textblock'  itemprop=\"text\" ><p>Reisen Sie nach Innsbruck? Sorgen Sie f\u00fcr eine reibungslose und stressfreie Reise mit unserem professionellen <strong>Flughafen Transfer Innsbruck<\/strong>-Service. Ob Sie nach Innsbruck f\u00fcr eine Gesch\u00e4ftsreise, einen Skiurlaub oder einen Freizeiturlaub fliegen, wir bieten zuverl\u00e4ssige, p\u00fcnktliche und erschwingliche Transporte, die auf Ihre Bed\u00fcrfnisse abgestimmt sind. Unsere Flotte moderner, gut gepflegter Fahrzeuge ist ideal f\u00fcr Alleinreisende, Familien oder Gruppen und sorgt f\u00fcr maximalen Komfort ab dem Moment, in dem Sie landen.<\/p>\n<p>Wir verstehen die Bedeutung von Effizienz und Komfort beim Reisen, weshalb unsere Fahrer kompetent und sachkundig sind, um einen nahtlosen Transfer vom Innsbrucker Flughafen zu Ihrem Hotel, Ihrer Unterkunft oder einem anderen Ziel in der Stadt zu gew\u00e4hrleisten. Unsere Dienstleistungen sind so konzipiert, dass sie allen Reisenden gerecht werden und die Flexibilit\u00e4t und den Komfort bieten, die Sie ben\u00f6tigen.<\/p>\n<p>Die Buchung Ihres <strong>Flughafen Transfers Innsbruck<\/strong> ist schnell und einfach. Sie k\u00f6nnen Ihre Fahrt online \u00fcber unsere benutzerfreundliche Plattform reservieren oder, wenn Sie eine pers\u00f6nliche Unterst\u00fctzung bevorzugen, sich direkt mit uns in Verbindung setzen. Wir bieten wettbewerbsf\u00e4hige Preise und stellen sicher, dass jeder Transfer reibungslos und stressfrei verl\u00e4uft.<\/p>\n<p>M\u00f6chten Sie mehr \u00fcber Innsbruck und seine Sehensw\u00fcrdigkeiten erfahren? <a href=\"https:\/\/www.travelandleisure.com\/innsbruck-austria-travel-guide-7966775\">Werfen Sie einen Blick auf diesen hilfreichen Reisef\u00fchrer<\/a>.<\/p>\n<p>Warten Sie nicht\u2014buchen Sie noch heute Ihren <strong>Flughafen Transfer<\/strong> und erleben Sie einen reibungslosen Start in Ihre Reise. Wir setzen uns daf\u00fcr ein, Ihnen die besten Taxi-Dienstleistungen in Innsbruck zu bieten und gew\u00e4hrleisten, dass Sie den komfortabelsten, zuverl\u00e4ssigsten und erschwinglichsten Transport erhalten.<\/p>\n<\/div><\/section>\n","protected":false},"excerpt":{"rendered":"","protected":false},"author":3,"featured_media":0,"parent":0,"menu_order":0,"comment_status":"closed","ping_status":"closed","template":"","meta":{"footnotes":""},"class_list":["post-259","page","type-page","status-publish","hentry"],"yoast_head":"<!-- This site is optimized with the Yoast SEO plugin v24.0 - https:\/\/yoast.com\/wordpress\/plugins\/seo\/ -->\n<title>Flughafen Transfer Innsbruck | Komfortable Taxi-Dienste<\/title>\n<meta name=\"description\" content=\"Buchen Sie Ihren Flughafen Transfer Innsbruck f\u00fcr stressfreie Fahrten zu und vom Flughafen. Jetzt g\u00fcnstig und bequem reservieren!\" \/>\n<meta name=\"robots\" content=\"index, follow, max-snippet:-1, max-image-preview:large, max-video-preview:-1\" \/>\n<link rel=\"canonical\" href=\"https:\/\/www.taxi-central-innsbruck.com\/de\/flughafen-transfer-innsbruck\/\" \/>\n<meta property=\"og:locale\" content=\"de_DE\" \/>\n<meta property=\"og:type\" content=\"article\" \/>\n<meta property=\"og:title\" content=\"Flughafen Transfer Innsbruck | Komfortable Taxi-Dienste\" \/>\n<meta property=\"og:description\" content=\"Buchen Sie Ihren Flughafen Transfer Innsbruck f\u00fcr stressfreie Fahrten zu und vom Flughafen. Jetzt g\u00fcnstig und bequem reservieren!\" \/>\n<meta property=\"og:url\" content=\"https:\/\/www.taxi-central-innsbruck.com\/de\/flughafen-transfer-innsbruck\/\" \/>\n<meta property=\"og:site_name\" content=\"Taxi Central Innsbruck Tirol Austria\" \/>\n<meta property=\"article:modified_time\" content=\"2024-12-20T17:53:47+00:00\" \/>\n<meta name=\"twitter:label1\" content=\"Gesch\u00e4tzte Lesezeit\" \/>\n\t<meta name=\"twitter:data1\" content=\"3\u00a0Minuten\" \/>\n<script type=\"application\/ld+json\" class=\"yoast-schema-graph\">{\"@context\":\"https:\/\/schema.org\",\"@graph\":[{\"@type\":\"WebPage\",\"@id\":\"https:\/\/www.taxi-central-innsbruck.com\/de\/flughafen-transfer-innsbruck\/\",\"url\":\"https:\/\/www.taxi-central-innsbruck.com\/de\/flughafen-transfer-innsbruck\/\",\"name\":\"Flughafen Transfer Innsbruck | Komfortable Taxi-Dienste\",\"isPartOf\":{\"@id\":\"https:\/\/www.taxi-central-innsbruck.com\/de\/#website\"},\"datePublished\":\"2013-11-04T06:14:58+00:00\",\"dateModified\":\"2024-12-20T17:53:47+00:00\",\"description\":\"Buchen Sie Ihren Flughafen Transfer Innsbruck f\u00fcr stressfreie Fahrten zu und vom Flughafen. Jetzt g\u00fcnstig und bequem reservieren!\",\"inLanguage\":\"de\",\"potentialAction\":[{\"@type\":\"ReadAction\",\"target\":[\"https:\/\/www.taxi-central-innsbruck.com\/de\/flughafen-transfer-innsbruck\/\"]}]},{\"@type\":\"WebSite\",\"@id\":\"https:\/\/www.taxi-central-innsbruck.com\/de\/#website\",\"url\":\"https:\/\/www.taxi-central-innsbruck.com\/de\/\",\"name\":\"Taxi Central Innsbruck Tirol Austria\",\"description\":\"www.taxi-central.at\",\"potentialAction\":[{\"@type\":\"SearchAction\",\"target\":{\"@type\":\"EntryPoint\",\"urlTemplate\":\"https:\/\/www.taxi-central-innsbruck.com\/de\/?s={search_term_string}\"},\"query-input\":{\"@type\":\"PropertyValueSpecification\",\"valueRequired\":true,\"valueName\":\"search_term_string\"}}],\"inLanguage\":\"de\"}]}<\/script>\n<!-- \/ Yoast SEO plugin. -->","yoast_head_json":{"title":"Flughafen Transfer Innsbruck | Komfortable Taxi-Dienste","description":"Buchen Sie Ihren Flughafen Transfer Innsbruck f\u00fcr stressfreie Fahrten zu und vom Flughafen. Jetzt g\u00fcnstig und bequem reservieren!","robots":{"index":"index","follow":"follow","max-snippet":"max-snippet:-1","max-image-preview":"max-image-preview:large","max-video-preview":"max-video-preview:-1"},"canonical":"https:\/\/www.taxi-central-innsbruck.com\/de\/flughafen-transfer-innsbruck\/","og_locale":"de_DE","og_type":"article","og_title":"Flughafen Transfer Innsbruck | Komfortable Taxi-Dienste","og_description":"Buchen Sie Ihren Flughafen Transfer Innsbruck f\u00fcr stressfreie Fahrten zu und vom Flughafen. Jetzt g\u00fcnstig und bequem reservieren!","og_url":"https:\/\/www.taxi-central-innsbruck.com\/de\/flughafen-transfer-innsbruck\/","og_site_name":"Taxi Central Innsbruck Tirol Austria","article_modified_time":"2024-12-20T17:53:47+00:00","twitter_misc":{"Gesch\u00e4tzte Lesezeit":"3\u00a0Minuten"},"schema":{"@context":"https:\/\/schema.org","@graph":[{"@type":"WebPage","@id":"https:\/\/www.taxi-central-innsbruck.com\/de\/flughafen-transfer-innsbruck\/","url":"https:\/\/www.taxi-central-innsbruck.com\/de\/flughafen-transfer-innsbruck\/","name":"Flughafen Transfer Innsbruck | Komfortable Taxi-Dienste","isPartOf":{"@id":"https:\/\/www.taxi-central-innsbruck.com\/de\/#website"},"datePublished":"2013-11-04T06:14:58+00:00","dateModified":"2024-12-20T17:53:47+00:00","description":"Buchen Sie Ihren Flughafen Transfer Innsbruck f\u00fcr stressfreie Fahrten zu und vom Flughafen. Jetzt g\u00fcnstig und bequem reservieren!","inLanguage":"de","potentialAction":[{"@type":"ReadAction","target":["https:\/\/www.taxi-central-innsbruck.com\/de\/flughafen-transfer-innsbruck\/"]}]},{"@type":"WebSite","@id":"https:\/\/www.taxi-central-innsbruck.com\/de\/#website","url":"https:\/\/www.taxi-central-innsbruck.com\/de\/","name":"Taxi Central Innsbruck Tirol Austria","description":"www.taxi-central.at","potentialAction":[{"@type":"SearchAction","target":{"@type":"EntryPoint","urlTemplate":"https:\/\/www.taxi-central-innsbruck.com\/de\/?s={search_term_string}"},"query-input":{"@type":"PropertyValueSpecification","valueRequired":true,"valueName":"search_term_string"}}],"inLanguage":"de"}]}},"_links":{"self":[{"href":"https:\/\/www.taxi-central-innsbruck.com\/de\/wp-json\/wp\/v2\/pages\/259"}],"collection":[{"href":"https:\/\/www.taxi-central-innsbruck.com\/de\/wp-json\/wp\/v2\/pages"}],"about":[{"href":"https:\/\/www.taxi-central-innsbruck.com\/de\/wp-json\/wp\/v2\/types\/page"}],"author":[{"embeddable":true,"href":"https:\/\/www.taxi-central-innsbruck.com\/de\/wp-json\/wp\/v2\/users\/3"}],"replies":[{"embeddable":true,"href":"https:\/\/www.taxi-central-innsbruck.com\/de\/wp-json\/wp\/v2\/comments?post=259"}],"version-history":[{"count":8,"href":"https:\/\/www.taxi-central-innsbruck.com\/de\/wp-json\/wp\/v2\/pages\/259\/revisions"}],"predecessor-version":[{"id":1288,"href":"https:\/\/www.taxi-central-innsbruck.com\/de\/wp-json\/wp\/v2\/pages\/259\/revisions\/1288"}],"wp:attachment":[{"href":"https:\/\/www.taxi-central-innsbruck.com\/de\/wp-json\/wp\/v2\/media?parent=259"}],"curies":[{"name":"wp","href":"https:\/\/api.w.org\/{rel}","templated":true}]}}