{"id":263,"date":"2013-11-04T08:17:59","date_gmt":"2013-11-04T06:17:59","guid":{"rendered":"http:\/\/www.flughafen-taxi-innsbruck.at\/?page_id=263"},"modified":"2024-12-21T01:40:32","modified_gmt":"2024-12-20T23:40:32","slug":"taxi-innsbruck","status":"publish","type":"page","link":"https:\/\/www.taxi-central-innsbruck.com\/de\/taxi-innsbruck\/","title":{"rendered":"Taxi Innsbruck"},"content":{"rendered":"<div id='av_section_1'  class='avia-section av-gzv7j-a4f633a8105bd30c6786d3a5a02c14c7 main_color avia-section-default avia-no-shadow  avia-builder-el-0  el_before_av_one_full  avia-builder-el-first  avia-bg-style-parallax container_wrap sidebar_right'  ><div class='container av-section-cont-open' ><main  role=\"main\" itemprop=\"mainContentOfPage\"  class='template-page content  av-content-small alpha units'><div class='post-entry post-entry-type-page post-entry-263'><div class='entry-content-wrapper clearfix'>\n<div  class='flex_column av-4m6oqv-ec3fdbc2090fe49f1cfc900bb47a82e5 av_two_third  avia-builder-el-1  el_before_av_one_third  avia-builder-el-first  first flex_column_div  '     ><div  class='avia-slideshow av-1f59p3-8844292a884a3cc3f60b325efa1baad6 avia-slideshow-no scaling av_slideshow avia-slide_up-slider  avia-builder-el-2  avia-builder-el-no-sibling  av-slideshow-ui av-control-minimal av-slideshow-autoplay av-loop-endless av-loop-manual-endless av-default-height-applied avia-slideshow-1' data-slideshow-options=\"{&quot;animation&quot;:&quot;slide_up&quot;,&quot;autoplay&quot;:true,&quot;loop_autoplay&quot;:&quot;endless&quot;,&quot;interval&quot;:5,&quot;loop_manual&quot;:&quot;manual-endless&quot;,&quot;autoplay_stopper&quot;:false,&quot;noNavigation&quot;:false,&quot;bg_slider&quot;:false,&quot;keep_padding&quot;:false,&quot;hoverpause&quot;:false,&quot;show_slide_delay&quot;:0}\"  itemprop=\"image\" itemscope=\"itemscope\" itemtype=\"https:\/\/schema.org\/ImageObject\" ><ul class='avia-slideshow-inner ' style='padding-bottom: 58.4084084084%;'><li  class='avia-slideshow-slide av-1f59p3-8844292a884a3cc3f60b325efa1baad6__0  slide-1 slide-odd'><div data-rel='slideshow-1' class='avia-slide-wrap '   ><img decoding=\"async\" fetchpriority=\"high\" class=\"wp-image-1167 avia-img-lazy-loading-not-1167\"  src=\"https:\/\/www.taxi-central-innsbruck.com\/wp-content\/uploads\/2024\/12\/innsbruck-taxi_airport_4.png\" width=\"666\" height=\"389\" title='innsbruck-taxi_airport_4' alt='Mercedes taxi central service for Innsbruck airport transfer, parked outside the terminal ready for passengers.'  itemprop=\"thumbnailUrl\" srcset=\"https:\/\/www.taxi-central-innsbruck.com\/wp-content\/uploads\/2024\/12\/innsbruck-taxi_airport_4.png 666w, https:\/\/www.taxi-central-innsbruck.com\/wp-content\/uploads\/2024\/12\/innsbruck-taxi_airport_4-300x175.png 300w\" sizes=\"(max-width: 666px) 100vw, 666px\" \/><\/div><\/li><li  class='avia-slideshow-slide av-1f59p3-8844292a884a3cc3f60b325efa1baad6__4  slide-2 slide-even'><div data-rel='slideshow-1' class='avia-slide-wrap '   ><img decoding=\"async\" fetchpriority=\"high\" class=\"wp-image-1179 avia-img-lazy-loading-not-1179\"  src=\"https:\/\/www.taxi-central-innsbruck.com\/wp-content\/uploads\/2024\/12\/innsbruck-taxi_airport_1.png\" width=\"666\" height=\"389\" title='innsbruck-taxi_airport_1' alt='Mercedes taxi central service for smooth Innsbruck airport transfer, parked and ready for passengers.'  itemprop=\"thumbnailUrl\" srcset=\"https:\/\/www.taxi-central-innsbruck.com\/wp-content\/uploads\/2024\/12\/innsbruck-taxi_airport_1.png 666w, https:\/\/www.taxi-central-innsbruck.com\/wp-content\/uploads\/2024\/12\/innsbruck-taxi_airport_1-300x175.png 300w\" sizes=\"(max-width: 666px) 100vw, 666px\" \/><\/div><\/li><\/ul><div class='avia-slideshow-arrows avia-slideshow-controls' ><a href='#prev' class='prev-slide ' aria-hidden='true' data-av_icon='\ue87c' data-av_iconfont='entypo-fontello'  tabindex='-1'>Zur\u00fcck<\/a><a href='#next' class='next-slide ' aria-hidden='true' data-av_icon='\ue87d' data-av_iconfont='entypo-fontello'  tabindex='-1'>Weiter<\/a><\/div><div class='avia-slideshow-dots avia-slideshow-controls'><a href='#1' class='goto-slide active' >1<\/a><a href='#2' class='goto-slide ' >2<\/a><\/div><\/div><\/div><div  class='flex_column av-31qyrr-0481dab73f1e7d353a57bf93ec3ad52b av_one_third  avia-builder-el-3  el_after_av_two_third  avia-builder-el-last  flex_column_div  '     ><div  class='avia-icon-list-container av-2w829z-384a4b88077d93f4fe30b5e16cc600e4  avia-builder-el-4  avia-builder-el-no-sibling '><ul class='avia-icon-list avia_animate_when_almost_visible avia-icon-list-left av-iconlist-big av-2w829z-384a4b88077d93f4fe30b5e16cc600e4 avia-iconlist-animate'>\n<li><div class='iconlist_icon av-2smvtb-2906e78ef0ce1a1fd709bdeb2e33d0db avia-font-entypo-fontello'><span class='iconlist-char' aria-hidden='true' data-av_icon='\ue808' data-av_iconfont='entypo-fontello'><\/span><\/div><article class=\"article-icon-entry av-iconlist-empty\"  itemscope=\"itemscope\" itemtype=\"https:\/\/schema.org\/CreativeWork\" ><div class=\"iconlist_content_wrap\"><header class=\"entry-content-header\" aria-label=\"Icon: EXZELENTE CHAUFFEURE\"><h4 class='av_iconlist_title iconlist_title  '  itemprop=\"headline\" >EXZELENTE CHAUFFEURE<\/h4><\/header><div class='iconlist_content '  itemprop=\"text\" ><\/div><\/div><footer class=\"entry-footer\"><\/footer><\/article><div class=\"iconlist-timeline\"><\/div><\/li>\n<li><div class='iconlist_icon av-9a7u7-6722864f88ab340f71d9391573cab2a9 avia-font-entypo-fontello'><span class='iconlist-char' aria-hidden='true' data-av_icon='\ue808' data-av_iconfont='entypo-fontello'><\/span><\/div><article class=\"article-icon-entry av-iconlist-empty\"  itemscope=\"itemscope\" itemtype=\"https:\/\/schema.org\/CreativeWork\" ><div class=\"iconlist_content_wrap\"><header class=\"entry-content-header\" aria-label=\"Icon: NEUESTE FAHRZEUGE\"><h4 class='av_iconlist_title iconlist_title  '  itemprop=\"headline\" >NEUESTE FAHRZEUGE<\/h4><\/header><div class='iconlist_content '  itemprop=\"text\" ><\/div><\/div><footer class=\"entry-footer\"><\/footer><\/article><div class=\"iconlist-timeline\"><\/div><\/li>\n<li><div class='iconlist_icon av-2ffbfz-f0ebe2df2a83f4fdb1a24766751ec5a7 avia-font-entypo-fontello'><span class='iconlist-char' aria-hidden='true' data-av_icon='\ue808' data-av_iconfont='entypo-fontello'><\/span><\/div><article class=\"article-icon-entry av-iconlist-empty\"  itemscope=\"itemscope\" itemtype=\"https:\/\/schema.org\/CreativeWork\" ><div class=\"iconlist_content_wrap\"><header class=\"entry-content-header\" aria-label=\"Icon: 100% TERMINTREUE\"><h4 class='av_iconlist_title iconlist_title  '  itemprop=\"headline\" >100% TERMINTREUE<\/h4><\/header><div class='iconlist_content '  itemprop=\"text\" ><\/div><\/div><footer class=\"entry-footer\"><\/footer><\/article><div class=\"iconlist-timeline\"><\/div><\/li>\n<li><div class='iconlist_icon av-26cl3j-714f8d3fee5c72b68450fa6d9f1b120c avia-font-entypo-fontello'><span class='iconlist-char' aria-hidden='true' data-av_icon='\ue808' data-av_iconfont='entypo-fontello'><\/span><\/div><article class=\"article-icon-entry av-iconlist-empty\"  itemscope=\"itemscope\" itemtype=\"https:\/\/schema.org\/CreativeWork\" ><div class=\"iconlist_content_wrap\"><header class=\"entry-content-header\" aria-label=\"Icon: 100% SICHERHEIT\"><h4 class='av_iconlist_title iconlist_title  '  itemprop=\"headline\" >100% SICHERHEIT<\/h4><\/header><div class='iconlist_content '  itemprop=\"text\" ><\/div><\/div><footer class=\"entry-footer\"><\/footer><\/article><div class=\"iconlist-timeline\"><\/div><\/li>\n<li><div class='iconlist_icon av-7em73-956304faa42d1f699dee29802c761d8f avia-font-entypo-fontello'><span class='iconlist-char' aria-hidden='true' data-av_icon='\ue808' data-av_iconfont='entypo-fontello'><\/span><\/div><article class=\"article-icon-entry av-iconlist-empty\"  itemscope=\"itemscope\" itemtype=\"https:\/\/schema.org\/CreativeWork\" ><div class=\"iconlist_content_wrap\"><header class=\"entry-content-header\" aria-label=\"Icon: 100% BESTPREIS\"><h4 class='av_iconlist_title iconlist_title  '  itemprop=\"headline\" >100% BESTPREIS<\/h4><\/header><div class='iconlist_content '  itemprop=\"text\" ><\/div><\/div><footer class=\"entry-footer\"><\/footer><\/article><div class=\"iconlist-timeline\"><\/div><\/li>\n<\/ul><\/div><\/div>\n<\/div><\/div><\/main><!-- close content main element --><\/div><\/div><div id='after_section_1'  class='main_color av_default_container_wrap container_wrap sidebar_right'  ><div class='container av-section-cont-open' ><div class='template-page content  av-content-small alpha units'><div class='post-entry post-entry-type-page post-entry-263'><div class='entry-content-wrapper clearfix'>\n<div  class='flex_column av-1xemtj-4309ff84d48ccf5d33131303cb2d3123 av_one_full  avia-builder-el-5  el_after_av_section  el_before_av_button  avia-builder-el-first  first flex_column_div  '     ><section  class='av_textblock_section av-1pstkf-53a1d2892aee5bf5010b02aeb7ab429a '   itemscope=\"itemscope\" itemtype=\"https:\/\/schema.org\/CreativeWork\" ><div class='avia_textblock'  itemprop=\"text\" ><h2 style=\"text-align: center;\">Taxi Service Innsbruck<\/h2>\n<\/div><\/section><br \/>\n<div  class='hr av-1juq07-049dff7e8bc4151438e5c7ad9e54db7a hr-short  avia-builder-el-7  el_after_av_textblock  el_before_av_textblock  hr-center'><span class='hr-inner '><span class=\"hr-inner-style\"><\/span><\/span><\/div><br \/>\n<section  class='av_textblock_section av-1f2ui7-68279e4796fa3b0f368cd5934bd722ce '   itemscope=\"itemscope\" itemtype=\"https:\/\/schema.org\/CreativeWork\" ><div class='avia_textblock'  itemprop=\"text\" ><h1 style=\"text-align: center;\"><\/h1>\n<p style=\"text-align: center;\">Sie brauchen ein ortskundiges Taxi zu Ihrem Hotel in Innsbruck? Wir stehen Ihnen sieben Tage die Woche, 24 Stunden am Tag zur Verf\u00fcgung. Die Buchung k\u00f6nnen Sie jederzeit online vornehmen. Sie k\u00f6nnen das Buchungsformular ausf\u00fcllen, uns ein Email schreiben oder uns einfach anrufen.<\/p>\n<\/div><\/section><\/p><\/div><div  class='avia-button-wrap av-19zdkf-1749273fd97cb194d1d6b813567019a3-wrap avia-button-center  avia-builder-el-9  el_after_av_one_full  el_before_av_section  avia-builder-el-last '><a href='http:\/\/www.taxi-central-innsbruck.com\/onlinebuchung\/'  class='avia-button av-19zdkf-1749273fd97cb194d1d6b813567019a3 av-link-btn avia-icon_select-yes-left-icon avia-size-large avia-position-center avia-color-theme-color'   aria-label=\"Jetzt Online Buchen\"><span class='avia_button_icon avia_button_icon_left' aria-hidden='true' data-av_icon='\ue859' data-av_iconfont='entypo-fontello'><\/span><span class='avia_iconbox_title' >Jetzt Online Buchen<\/span><\/a><\/div><\/p>\n<\/div><\/div><\/div><!-- close content main div --><\/div><\/div>\n<style type=\"text\/css\" data-created_by=\"avia_inline_auto\" id=\"style-css-av-142ssf-d41935551c5991bd8cb9bff2f8f63a82\">\n.avia-section.av-142ssf-d41935551c5991bd8cb9bff2f8f63a82 .av-parallax .av-parallax-inner{\nbackground-color:#ededed;\nbackground-image:url(https:\/\/www.taxi-central-innsbruck.com\/wp-content\/uploads\/2013\/08\/flughafentaxi-innsbruck3.jpg);\nbackground-repeat:no-repeat;\nbackground-position:50% 0%;\nbackground-attachment:scroll;\n}\n<\/style>\n<div id='av_section_2'  class='avia-section av-142ssf-d41935551c5991bd8cb9bff2f8f63a82 footer_color avia-section-large avia-shadow  avia-builder-el-10  el_after_av_button  el_before_av_textblock  av-parallax-section avia-bg-style-parallax container_wrap sidebar_right'  data-section-bg-repeat='no-repeat'><div class='av-parallax' data-avia-parallax-ratio='0.3' ><div class='av-parallax-inner footer_color avia-full-stretch'><\/div><\/div><div class='container av-section-cont-open' ><div class='template-page content  av-content-small alpha units'><div class='post-entry post-entry-type-page post-entry-263'><div class='entry-content-wrapper clearfix'>\n<section  class='av_textblock_section av-xa8rz-9cf547fa0c43de5024bc8f8bb6cc0548 '   itemscope=\"itemscope\" itemtype=\"https:\/\/schema.org\/CreativeWork\" ><div class='avia_textblock'  itemprop=\"text\" ><h2 style=\"text-align: center;\">Kontakt<\/h2>\n<\/div><\/section>\n<div  class='flex_column av-ry6fb-4864a0f361c91d290aae75018b33a7ed av_one_half  avia-builder-el-12  el_after_av_textblock  el_before_av_one_half  first flex_column_div  column-top-margin'     ><article  class='iconbox iconbox_top av-mo65b-e0e5e892badd96d7c04a7b67c00a4d8b  avia-builder-el-13  avia-builder-el-no-sibling  main_color'  itemscope=\"itemscope\" itemtype=\"https:\/\/schema.org\/CreativeWork\" ><div class=\"iconbox_content\"><header class=\"entry-content-header\" aria-label=\"Icon: \"><div class=\"iconbox_icon heading-color\" aria-hidden='true' data-av_icon='' data-av_iconfont='entypo-fontello'><\/div><\/header><div class='iconbox_content_container '  itemprop=\"text\" ><h2 style=\"text-align: center;\"><a href=\"tel:+436767337706\">+43 676 733 77 06<\/a><\/h2>\n<\/div><\/div><footer class=\"entry-footer\"><\/footer><\/article><\/div>\n<style type=\"text\/css\" data-created_by=\"avia_inline_auto\" id=\"style-css-av-ews9z-aea1e874128951b1b52351bf650c2616\">\n.flex_column.av-ews9z-aea1e874128951b1b52351bf650c2616{\nborder-radius:0px 0px 0px 0px;\npadding:0px 0px 0px 0px;\n}\n<\/style>\n<div  class='flex_column av-ews9z-aea1e874128951b1b52351bf650c2616 av_one_half  avia-builder-el-14  el_after_av_one_half  avia-builder-el-last  flex_column_div av-zero-column-padding  column-top-margin'     ><article  class='iconbox iconbox_top av-9l7o7-bc2e23138c0cca8a59bb1a22098590ca  avia-builder-el-15  avia-builder-el-no-sibling  main_color'  itemscope=\"itemscope\" itemtype=\"https:\/\/schema.org\/CreativeWork\" ><div class=\"iconbox_content\"><header class=\"entry-content-header\" aria-label=\"Icon: \"><div class=\"iconbox_icon heading-color\" aria-hidden='true' data-av_icon='' data-av_iconfont='entypo-fontello'><\/div><\/header><div class='iconbox_content_container '  itemprop=\"text\" ><h2 style=\"text-align: center;\"><a href=\"mailto:office@taxi-central.at\">office@taxi-central.at<\/a><\/h2>\n<\/div><\/div><footer class=\"entry-footer\"><\/footer><\/article><\/div>\n<\/div><\/div><\/div><!-- close content main div --><\/div><\/div><div id='after_section_2'  class='main_color av_default_container_wrap container_wrap sidebar_right'  ><div class='container av-section-cont-open' ><div class='template-page content  av-content-small alpha units'><div class='post-entry post-entry-type-page post-entry-263'><div class='entry-content-wrapper clearfix'>\n<section  class='av_textblock_section av-m4xe3w40-eefe3ad15a27d433ea6fd869b59ba8ac '   itemscope=\"itemscope\" itemtype=\"https:\/\/schema.org\/CreativeWork\" ><div class='avia_textblock'  itemprop=\"text\" ><p><strong>Planen Sie Ihre Reise nach Innsbruck?<\/strong><\/p>\n<p>Ob Sie am Flughafen ankommen, ein Skigebiet besuchen oder die charmante Stadt erkunden m\u00f6chten \u2013 unser <strong>Taxi Service Innsbruck<\/strong> sorgt f\u00fcr eine komfortable und stressfreie Fahrt. Zun\u00e4chst holen wir Sie p\u00fcnktlich ab und bringen Sie sicher zu Ihrem Ziel. Au\u00dferdem sind unsere Fahrzeuge modern und gut gewartet, um Ihnen maximalen Komfort zu bieten.<\/p>\n<p>Dar\u00fcber hinaus stehen unsere erfahrenen Fahrer bereit, um Sie mit Fachkenntnissen \u00fcber Innsbruck und die umliegenden Sehensw\u00fcrdigkeiten zu unterst\u00fctzen. Sie sind nicht nur p\u00fcnktlich, sondern auch \u00e4u\u00dferst freundlich, sodass jede Fahrt angenehm verl\u00e4uft. Insbesondere bei Transfers zu Skigebieten bieten wir Ihnen Flexibilit\u00e4t, damit Sie die Reise ganz nach Ihren W\u00fcnschen gestalten k\u00f6nnen.<\/p>\n<p>Zudem ist die Buchung unseres Services denkbar einfach. Sie k\u00f6nnen Ihre Fahrt entweder \u00fcber unsere benutzerfreundliche Online-Plattform planen oder direkt mit uns Kontakt aufnehmen, falls Sie eine pers\u00f6nliche Beratung w\u00fcnschen. Egal, ob Sie alleine reisen, mit Ihrer Familie oder einer gr\u00f6\u00dferen Gruppe \u2013 wir passen unseren Service perfekt an Ihre Bed\u00fcrfnisse an.<\/p>\n<p>Innsbruck selbst ist eine Stadt voller Highlights. Zum Beispiel k\u00f6nnen Sie die historische Altstadt besuchen, die beeindruckenden Berge bewundern oder in erstklassigen Restaurants speisen. Wenn Sie mehr \u00fcber die besten Attraktionen erfahren m\u00f6chten, empfehlen wir Ihnen<a href=\"https:\/\/www.tripadvisor.com\/Tourism-g190445-Innsbruck_Tirol_Austrian_Alps-Vacations.html\"> diesen praktischen Reisef\u00fchrer<\/a>, der Ihnen wertvolle Tipps gibt.<\/p>\n<p>Zus\u00e4tzlich bieten wir konkurrenzf\u00e4hige Preise, ohne Kompromisse bei der Qualit\u00e4t einzugehen. Mit unserem <strong>Taxi Service Innsbruck<\/strong> k\u00f6nnen Sie sicher sein, dass Ihre Reise angenehm, stressfrei und effizient verl\u00e4uft.<\/p>\n<p>Z\u00f6gern Sie nicht l\u00e4nger \u2013 buchen Sie noch heute Ihre Fahrt und genie\u00dfen Sie Innsbruck in vollen Z\u00fcgen!<\/p>\n<\/div><\/section>\n","protected":false},"excerpt":{"rendered":"","protected":false},"author":3,"featured_media":0,"parent":0,"menu_order":0,"comment_status":"closed","ping_status":"closed","template":"","meta":{"footnotes":""},"class_list":["post-263","page","type-page","status-publish","hentry"],"yoast_head":"<!-- This site is optimized with the Yoast SEO plugin v24.0 - https:\/\/yoast.com\/wordpress\/plugins\/seo\/ -->\n<title>Taxi Service Innsbruck | Zuverl\u00e4ssige und g\u00fcnstige Fahrten<\/title>\n<meta name=\"description\" content=\"Buchen Sie Ihren Taxi Service Innsbruck f\u00fcr schnelle, zuverl\u00e4ssige und g\u00fcnstige Fahrten. Jetzt reservieren und bequem reisen!\" \/>\n<meta name=\"robots\" content=\"index, follow, max-snippet:-1, max-image-preview:large, max-video-preview:-1\" \/>\n<link rel=\"canonical\" href=\"https:\/\/www.taxi-central-innsbruck.com\/de\/taxi-innsbruck\/\" \/>\n<meta property=\"og:locale\" content=\"de_DE\" \/>\n<meta property=\"og:type\" content=\"article\" \/>\n<meta property=\"og:title\" content=\"Taxi Service Innsbruck | Zuverl\u00e4ssige und g\u00fcnstige Fahrten\" \/>\n<meta property=\"og:description\" content=\"Buchen Sie Ihren Taxi Service Innsbruck f\u00fcr schnelle, zuverl\u00e4ssige und g\u00fcnstige Fahrten. Jetzt reservieren und bequem reisen!\" \/>\n<meta property=\"og:url\" content=\"https:\/\/www.taxi-central-innsbruck.com\/de\/taxi-innsbruck\/\" \/>\n<meta property=\"og:site_name\" content=\"Taxi Central Innsbruck Tirol Austria\" \/>\n<meta property=\"article:modified_time\" content=\"2024-12-20T23:40:32+00:00\" \/>\n<meta name=\"twitter:label1\" content=\"Gesch\u00e4tzte Lesezeit\" \/>\n\t<meta name=\"twitter:data1\" content=\"3\u00a0Minuten\" \/>\n<script type=\"application\/ld+json\" class=\"yoast-schema-graph\">{\"@context\":\"https:\/\/schema.org\",\"@graph\":[{\"@type\":\"WebPage\",\"@id\":\"https:\/\/www.taxi-central-innsbruck.com\/de\/taxi-innsbruck\/\",\"url\":\"https:\/\/www.taxi-central-innsbruck.com\/de\/taxi-innsbruck\/\",\"name\":\"Taxi Service Innsbruck | Zuverl\u00e4ssige und g\u00fcnstige Fahrten\",\"isPartOf\":{\"@id\":\"https:\/\/www.taxi-central-innsbruck.com\/de\/#website\"},\"datePublished\":\"2013-11-04T06:17:59+00:00\",\"dateModified\":\"2024-12-20T23:40:32+00:00\",\"description\":\"Buchen Sie Ihren Taxi Service Innsbruck f\u00fcr schnelle, zuverl\u00e4ssige und g\u00fcnstige Fahrten. Jetzt reservieren und bequem reisen!\",\"inLanguage\":\"de\",\"potentialAction\":[{\"@type\":\"ReadAction\",\"target\":[\"https:\/\/www.taxi-central-innsbruck.com\/de\/taxi-innsbruck\/\"]}]},{\"@type\":\"WebSite\",\"@id\":\"https:\/\/www.taxi-central-innsbruck.com\/de\/#website\",\"url\":\"https:\/\/www.taxi-central-innsbruck.com\/de\/\",\"name\":\"Taxi Central Innsbruck Tirol Austria\",\"description\":\"www.taxi-central.at\",\"potentialAction\":[{\"@type\":\"SearchAction\",\"target\":{\"@type\":\"EntryPoint\",\"urlTemplate\":\"https:\/\/www.taxi-central-innsbruck.com\/de\/?s={search_term_string}\"},\"query-input\":{\"@type\":\"PropertyValueSpecification\",\"valueRequired\":true,\"valueName\":\"search_term_string\"}}],\"inLanguage\":\"de\"}]}<\/script>\n<!-- \/ Yoast SEO plugin. -->","yoast_head_json":{"title":"Taxi Service Innsbruck | Zuverl\u00e4ssige und g\u00fcnstige Fahrten","description":"Buchen Sie Ihren Taxi Service Innsbruck f\u00fcr schnelle, zuverl\u00e4ssige und g\u00fcnstige Fahrten. Jetzt reservieren und bequem reisen!","robots":{"index":"index","follow":"follow","max-snippet":"max-snippet:-1","max-image-preview":"max-image-preview:large","max-video-preview":"max-video-preview:-1"},"canonical":"https:\/\/www.taxi-central-innsbruck.com\/de\/taxi-innsbruck\/","og_locale":"de_DE","og_type":"article","og_title":"Taxi Service Innsbruck | Zuverl\u00e4ssige und g\u00fcnstige Fahrten","og_description":"Buchen Sie Ihren Taxi Service Innsbruck f\u00fcr schnelle, zuverl\u00e4ssige und g\u00fcnstige Fahrten. Jetzt reservieren und bequem reisen!","og_url":"https:\/\/www.taxi-central-innsbruck.com\/de\/taxi-innsbruck\/","og_site_name":"Taxi Central Innsbruck Tirol Austria","article_modified_time":"2024-12-20T23:40:32+00:00","twitter_misc":{"Gesch\u00e4tzte Lesezeit":"3\u00a0Minuten"},"schema":{"@context":"https:\/\/schema.org","@graph":[{"@type":"WebPage","@id":"https:\/\/www.taxi-central-innsbruck.com\/de\/taxi-innsbruck\/","url":"https:\/\/www.taxi-central-innsbruck.com\/de\/taxi-innsbruck\/","name":"Taxi Service Innsbruck | Zuverl\u00e4ssige und g\u00fcnstige Fahrten","isPartOf":{"@id":"https:\/\/www.taxi-central-innsbruck.com\/de\/#website"},"datePublished":"2013-11-04T06:17:59+00:00","dateModified":"2024-12-20T23:40:32+00:00","description":"Buchen Sie Ihren Taxi Service Innsbruck f\u00fcr schnelle, zuverl\u00e4ssige und g\u00fcnstige Fahrten. Jetzt reservieren und bequem reisen!","inLanguage":"de","potentialAction":[{"@type":"ReadAction","target":["https:\/\/www.taxi-central-innsbruck.com\/de\/taxi-innsbruck\/"]}]},{"@type":"WebSite","@id":"https:\/\/www.taxi-central-innsbruck.com\/de\/#website","url":"https:\/\/www.taxi-central-innsbruck.com\/de\/","name":"Taxi Central Innsbruck Tirol Austria","description":"www.taxi-central.at","potentialAction":[{"@type":"SearchAction","target":{"@type":"EntryPoint","urlTemplate":"https:\/\/www.taxi-central-innsbruck.com\/de\/?s={search_term_string}"},"query-input":{"@type":"PropertyValueSpecification","valueRequired":true,"valueName":"search_term_string"}}],"inLanguage":"de"}]}},"_links":{"self":[{"href":"https:\/\/www.taxi-central-innsbruck.com\/de\/wp-json\/wp\/v2\/pages\/263"}],"collection":[{"href":"https:\/\/www.taxi-central-innsbruck.com\/de\/wp-json\/wp\/v2\/pages"}],"about":[{"href":"https:\/\/www.taxi-central-innsbruck.com\/de\/wp-json\/wp\/v2\/types\/page"}],"author":[{"embeddable":true,"href":"https:\/\/www.taxi-central-innsbruck.com\/de\/wp-json\/wp\/v2\/users\/3"}],"replies":[{"embeddable":true,"href":"https:\/\/www.taxi-central-innsbruck.com\/de\/wp-json\/wp\/v2\/comments?post=263"}],"version-history":[{"count":8,"href":"https:\/\/www.taxi-central-innsbruck.com\/de\/wp-json\/wp\/v2\/pages\/263\/revisions"}],"predecessor-version":[{"id":1305,"href":"https:\/\/www.taxi-central-innsbruck.com\/de\/wp-json\/wp\/v2\/pages\/263\/revisions\/1305"}],"wp:attachment":[{"href":"https:\/\/www.taxi-central-innsbruck.com\/de\/wp-json\/wp\/v2\/media?parent=263"}],"curies":[{"name":"wp","href":"https:\/\/api.w.org\/{rel}","templated":true}]}}