{"id":265,"date":"2013-11-04T08:18:48","date_gmt":"2013-11-04T06:18:48","guid":{"rendered":"http:\/\/www.flughafen-taxi-innsbruck.at\/?page_id=265"},"modified":"2024-12-21T01:58:49","modified_gmt":"2024-12-20T23:58:49","slug":"vip-taxi-innsbruck","status":"publish","type":"page","link":"https:\/\/www.taxi-central-innsbruck.com\/de\/vip-taxi-innsbruck\/","title":{"rendered":"Vip Taxi Innsbruck"},"content":{"rendered":"<div id='av_section_1'  class='avia-section av-4q2l0h-dcd81cf975a91463a3b93e43f9e86082 main_color avia-section-default avia-no-shadow  avia-builder-el-0  el_before_av_one_full  avia-builder-el-first  avia-bg-style-parallax container_wrap sidebar_right'  ><div class='container av-section-cont-open' ><main  role=\"main\" itemprop=\"mainContentOfPage\"  class='template-page content  av-content-small alpha units'><div class='post-entry post-entry-type-page post-entry-265'><div class='entry-content-wrapper clearfix'>\n<div  class='flex_column av-4m591t-f1f9f8bb5a9f613b58ed79d3f0b2ff8a av_two_third  avia-builder-el-1  el_before_av_one_third  avia-builder-el-first  first flex_column_div  '     ><div  class='avia-slideshow av-1gdmx5-c86ed1e0261ec5f279559f717b058673 avia-slideshow-no scaling av_slideshow avia-slide_up-slider  avia-builder-el-2  avia-builder-el-no-sibling  av-slideshow-ui av-control-minimal av-slideshow-autoplay av-loop-endless av-loop-manual-endless av-default-height-applied avia-slideshow-1' data-slideshow-options=\"{&quot;animation&quot;:&quot;slide_up&quot;,&quot;autoplay&quot;:true,&quot;loop_autoplay&quot;:&quot;endless&quot;,&quot;interval&quot;:5,&quot;loop_manual&quot;:&quot;manual-endless&quot;,&quot;autoplay_stopper&quot;:false,&quot;noNavigation&quot;:false,&quot;bg_slider&quot;:false,&quot;keep_padding&quot;:false,&quot;hoverpause&quot;:false,&quot;show_slide_delay&quot;:0}\"  itemprop=\"image\" itemscope=\"itemscope\" itemtype=\"https:\/\/schema.org\/ImageObject\" ><ul class='avia-slideshow-inner ' style='padding-bottom: 58.4084084084%;'><li  class='avia-slideshow-slide av-1gdmx5-c86ed1e0261ec5f279559f717b058673__0  slide-1 slide-odd'><div data-rel='slideshow-1' class='avia-slide-wrap '   ><img decoding=\"async\" fetchpriority=\"high\" class=\"wp-image-1167 avia-img-lazy-loading-not-1167\"  src=\"https:\/\/www.taxi-central-innsbruck.com\/wp-content\/uploads\/2024\/12\/innsbruck-taxi_airport_4.png\" width=\"666\" height=\"389\" title='innsbruck-taxi_airport_4' alt='Mercedes taxi central service for Innsbruck airport transfer, parked outside the terminal ready for passengers.'  itemprop=\"thumbnailUrl\" srcset=\"https:\/\/www.taxi-central-innsbruck.com\/wp-content\/uploads\/2024\/12\/innsbruck-taxi_airport_4.png 666w, https:\/\/www.taxi-central-innsbruck.com\/wp-content\/uploads\/2024\/12\/innsbruck-taxi_airport_4-300x175.png 300w\" sizes=\"(max-width: 666px) 100vw, 666px\" \/><\/div><\/li><li  class='avia-slideshow-slide av-1gdmx5-c86ed1e0261ec5f279559f717b058673__4  slide-2 slide-even'><div data-rel='slideshow-1' class='avia-slide-wrap '   ><img decoding=\"async\" fetchpriority=\"high\" class=\"wp-image-1179 avia-img-lazy-loading-not-1179\"  src=\"https:\/\/www.taxi-central-innsbruck.com\/wp-content\/uploads\/2024\/12\/innsbruck-taxi_airport_1.png\" width=\"666\" height=\"389\" title='innsbruck-taxi_airport_1' alt='Mercedes taxi central service for smooth Innsbruck airport transfer, parked and ready for passengers.'  itemprop=\"thumbnailUrl\" srcset=\"https:\/\/www.taxi-central-innsbruck.com\/wp-content\/uploads\/2024\/12\/innsbruck-taxi_airport_1.png 666w, https:\/\/www.taxi-central-innsbruck.com\/wp-content\/uploads\/2024\/12\/innsbruck-taxi_airport_1-300x175.png 300w\" sizes=\"(max-width: 666px) 100vw, 666px\" \/><\/div><\/li><\/ul><div class='avia-slideshow-arrows avia-slideshow-controls' ><a href='#prev' class='prev-slide ' aria-hidden='true' data-av_icon='\ue87c' data-av_iconfont='entypo-fontello'  tabindex='-1'>Zur\u00fcck<\/a><a href='#next' class='next-slide ' aria-hidden='true' data-av_icon='\ue87d' data-av_iconfont='entypo-fontello'  tabindex='-1'>Weiter<\/a><\/div><div class='avia-slideshow-dots avia-slideshow-controls'><a href='#1' class='goto-slide active' >1<\/a><a href='#2' class='goto-slide ' >2<\/a><\/div><\/div><\/div><div  class='flex_column av-b99pl-746a951082564674a23c3cb717983675 av_one_third  avia-builder-el-3  el_after_av_two_third  avia-builder-el-last  flex_column_div  '     ><div  class='avia-icon-list-container av-2xo26x-7de1e3b8deccb073e92b057aca0f2a9d  avia-builder-el-4  avia-builder-el-no-sibling '><ul class='avia-icon-list avia_animate_when_almost_visible avia-icon-list-left av-iconlist-big av-2xo26x-7de1e3b8deccb073e92b057aca0f2a9d avia-iconlist-animate'>\n<li><div class='iconlist_icon av-2qd455-a0c1ace431b9814bfa3bc879882b74a8 avia-font-entypo-fontello'><span class='iconlist-char' aria-hidden='true' data-av_icon='\ue808' data-av_iconfont='entypo-fontello'><\/span><\/div><article class=\"article-icon-entry av-iconlist-empty\"  itemscope=\"itemscope\" itemtype=\"https:\/\/schema.org\/CreativeWork\" ><div class=\"iconlist_content_wrap\"><header class=\"entry-content-header\" aria-label=\"Icon: EXZELENTE CHAUFFEURE\"><h4 class='av_iconlist_title iconlist_title  '  itemprop=\"headline\" >EXZELENTE CHAUFFEURE<\/h4><\/header><div class='iconlist_content '  itemprop=\"text\" ><\/div><\/div><footer class=\"entry-footer\"><\/footer><\/article><div class=\"iconlist-timeline\"><\/div><\/li>\n<li><div class='iconlist_icon av-2j6ck1-5d5d67f34427010e5bcb393dcd0086f4 avia-font-entypo-fontello'><span class='iconlist-char' aria-hidden='true' data-av_icon='\ue808' data-av_iconfont='entypo-fontello'><\/span><\/div><article class=\"article-icon-entry av-iconlist-empty\"  itemscope=\"itemscope\" itemtype=\"https:\/\/schema.org\/CreativeWork\" ><div class=\"iconlist_content_wrap\"><header class=\"entry-content-header\" aria-label=\"Icon: NEUESTE FAHRZEUGE\"><h4 class='av_iconlist_title iconlist_title  '  itemprop=\"headline\" >NEUESTE FAHRZEUGE<\/h4><\/header><div class='iconlist_content '  itemprop=\"text\" ><\/div><\/div><footer class=\"entry-footer\"><\/footer><\/article><div class=\"iconlist-timeline\"><\/div><\/li>\n<li><div class='iconlist_icon av-2dknr5-c03b827eed61e60c71535c0092f40c6b avia-font-entypo-fontello'><span class='iconlist-char' aria-hidden='true' data-av_icon='\ue808' data-av_iconfont='entypo-fontello'><\/span><\/div><article class=\"article-icon-entry av-iconlist-empty\"  itemscope=\"itemscope\" itemtype=\"https:\/\/schema.org\/CreativeWork\" ><div class=\"iconlist_content_wrap\"><header class=\"entry-content-header\" aria-label=\"Icon: 100% TERMINTREUE\"><h4 class='av_iconlist_title iconlist_title  '  itemprop=\"headline\" >100% TERMINTREUE<\/h4><\/header><div class='iconlist_content '  itemprop=\"text\" ><\/div><\/div><footer class=\"entry-footer\"><\/footer><\/article><div class=\"iconlist-timeline\"><\/div><\/li>\n<li><div class='iconlist_icon av-27o6u1-19a0e55f26c9c1230b7c2421344db9b8 avia-font-entypo-fontello'><span class='iconlist-char' aria-hidden='true' data-av_icon='\ue808' data-av_iconfont='entypo-fontello'><\/span><\/div><article class=\"article-icon-entry av-iconlist-empty\"  itemscope=\"itemscope\" itemtype=\"https:\/\/schema.org\/CreativeWork\" ><div class=\"iconlist_content_wrap\"><header class=\"entry-content-header\" aria-label=\"Icon: 100% SICHERHEIT\"><h4 class='av_iconlist_title iconlist_title  '  itemprop=\"headline\" >100% SICHERHEIT<\/h4><\/header><div class='iconlist_content '  itemprop=\"text\" ><\/div><\/div><footer class=\"entry-footer\"><\/footer><\/article><div class=\"iconlist-timeline\"><\/div><\/li>\n<li><div class='iconlist_icon av-21cmpd-076b22775459a504aed508316b43f877 avia-font-entypo-fontello'><span class='iconlist-char' aria-hidden='true' data-av_icon='\ue808' data-av_iconfont='entypo-fontello'><\/span><\/div><article class=\"article-icon-entry av-iconlist-empty\"  itemscope=\"itemscope\" itemtype=\"https:\/\/schema.org\/CreativeWork\" ><div class=\"iconlist_content_wrap\"><header class=\"entry-content-header\" aria-label=\"Icon: 100% BESTPREIS\"><h4 class='av_iconlist_title iconlist_title  '  itemprop=\"headline\" >100% BESTPREIS<\/h4><\/header><div class='iconlist_content '  itemprop=\"text\" ><\/div><\/div><footer class=\"entry-footer\"><\/footer><\/article><div class=\"iconlist-timeline\"><\/div><\/li>\n<\/ul><\/div><\/div>\n<\/div><\/div><\/main><!-- close content main element --><\/div><\/div><div id='after_section_1'  class='main_color av_default_container_wrap container_wrap sidebar_right'  ><div class='container av-section-cont-open' ><div class='template-page content  av-content-small alpha units'><div class='post-entry post-entry-type-page post-entry-265'><div class='entry-content-wrapper clearfix'>\n<div  class='flex_column av-1vdptl-b873a9def849bd46dde66dc696e3ae25 av_one_full  avia-builder-el-5  el_after_av_section  el_before_av_button  avia-builder-el-first  first flex_column_div  '     ><section  class='av_textblock_section av-1rbfm9-73d1d32c92338adf62c1666d0540341a '   itemscope=\"itemscope\" itemtype=\"https:\/\/schema.org\/CreativeWork\" ><div class='avia_textblock'  itemprop=\"text\" ><h1 style=\"text-align: center;\">Vip Taxi Innsbruck<\/h1>\n<\/div><\/section><br \/>\n<div  class='hr av-1jgj7d-29c8a9c87f07a91e089677201cdc276c hr-short  avia-builder-el-7  el_after_av_textblock  el_before_av_textblock  hr-center'><span class='hr-inner '><span class=\"hr-inner-style\"><\/span><\/span><\/div><br \/>\n<section  class='av_textblock_section av-1cz241-18ba5305745e78c725dea5c27e0eae8b '   itemscope=\"itemscope\" itemtype=\"https:\/\/schema.org\/CreativeWork\" ><div class='avia_textblock'  itemprop=\"text\" ><h1 style=\"text-align: center;\"><\/h1>\n<p style=\"text-align: center;\">F\u00fcr Fahrg\u00e4ste, die gerne etwas mehr Luxus haben, bieten wir unser Vip Taxi Innsbruck an. Sie k\u00f6nnen sich ein erstklassiges Service erwarten, H\u00f6flichkeit und Diskretion vorausgesetzt.<i><\/i><\/p>\n<\/div><\/section><\/p><\/div>\n<div  class='avia-button-wrap av-16cglt-34ef0f162e55a7c8086c4eb826155ac2-wrap avia-button-center  avia-builder-el-9  el_after_av_one_full  el_before_av_section  avia-builder-el-last '><a href='http:\/\/www.taxi-central-innsbruck.com\/onlinebuchung\/'  class='avia-button av-16cglt-34ef0f162e55a7c8086c4eb826155ac2 av-link-btn avia-icon_select-yes-left-icon avia-size-large avia-position-center avia-color-theme-color'   aria-label=\"Jetzt Online Buchen\"><span class='avia_button_icon avia_button_icon_left' aria-hidden='true' data-av_icon='\ue859' data-av_iconfont='entypo-fontello'><\/span><span class='avia_iconbox_title' >Jetzt Online Buchen<\/span><\/a><\/div>\n<\/div><\/div><\/div><!-- close content main div --><\/div><\/div>\n<style type=\"text\/css\" data-created_by=\"avia_inline_auto\" id=\"style-css-av-12frsh-17607df306fe3a39a6bc1c2a4ebe848e\">\n.avia-section.av-12frsh-17607df306fe3a39a6bc1c2a4ebe848e .av-parallax .av-parallax-inner{\nbackground-color:#ededed;\nbackground-image:url(https:\/\/www.taxi-central-innsbruck.com\/wp-content\/uploads\/2013\/08\/flughafentaxi-innsbruck3.jpg);\nbackground-repeat:no-repeat;\nbackground-position:50% 0%;\nbackground-attachment:scroll;\n}\n<\/style>\n<div id='av_section_2'  class='avia-section av-12frsh-17607df306fe3a39a6bc1c2a4ebe848e footer_color avia-section-large avia-shadow  avia-builder-el-10  el_after_av_button  el_before_av_textblock  av-parallax-section avia-bg-style-parallax container_wrap sidebar_right'  data-section-bg-repeat='no-repeat'><div class='av-parallax' data-avia-parallax-ratio='0.3' ><div class='av-parallax-inner footer_color avia-full-stretch'><\/div><\/div><div class='container av-section-cont-open' ><div class='template-page content  av-content-small alpha units'><div class='post-entry post-entry-type-page post-entry-265'><div class='entry-content-wrapper clearfix'>\n<section  class='av_textblock_section av-3g30x-38cf5fac937b88e8fe368b3f34e2c7b0 '   itemscope=\"itemscope\" itemtype=\"https:\/\/schema.org\/CreativeWork\" ><div class='avia_textblock'  itemprop=\"text\" ><h2 style=\"text-align: center;\">Kontakt<\/h2>\n<\/div><\/section>\n<div  class='flex_column av-2i7w1-b940b6d7a207398bd9495fe743f29143 av_one_half  avia-builder-el-12  el_after_av_textblock  el_before_av_one_half  first flex_column_div  column-top-margin'     ><article  class='iconbox iconbox_top av-l7my1-a7a858f15dd2e88f8c536f29a0fce464  avia-builder-el-13  avia-builder-el-no-sibling  main_color'  itemscope=\"itemscope\" itemtype=\"https:\/\/schema.org\/CreativeWork\" ><div class=\"iconbox_content\"><header class=\"entry-content-header\" aria-label=\"Icon: \"><div class=\"iconbox_icon heading-color\" aria-hidden='true' data-av_icon='' data-av_iconfont='entypo-fontello'><\/div><\/header><div class='iconbox_content_container '  itemprop=\"text\" ><h2 style=\"text-align: center;\"><a href=\"tel:+436767337706\">+43 676 733 77 06<\/a><\/h2>\n<\/div><\/div><footer class=\"entry-footer\"><\/footer><\/article><\/div>\n<style type=\"text\/css\" data-created_by=\"avia_inline_auto\" id=\"style-css-av-d4dlt-943a92f30d687d4ba3765fbb6051a6db\">\n.flex_column.av-d4dlt-943a92f30d687d4ba3765fbb6051a6db{\nborder-radius:0px 0px 0px 0px;\npadding:0px 0px 0px 0px;\n}\n<\/style>\n<div  class='flex_column av-d4dlt-943a92f30d687d4ba3765fbb6051a6db av_one_half  avia-builder-el-14  el_after_av_one_half  avia-builder-el-last  flex_column_div av-zero-column-padding  column-top-margin'     ><article  class='iconbox iconbox_top av-15qip-01ac363bbf18cca7dc3ed091efd7810c  avia-builder-el-15  avia-builder-el-no-sibling  main_color'  itemscope=\"itemscope\" itemtype=\"https:\/\/schema.org\/CreativeWork\" ><div class=\"iconbox_content\"><header class=\"entry-content-header\" aria-label=\"Icon: \"><div class=\"iconbox_icon heading-color\" aria-hidden='true' data-av_icon='' data-av_iconfont='entypo-fontello'><\/div><\/header><div class='iconbox_content_container '  itemprop=\"text\" ><h2 style=\"text-align: center;\"><a href=\"mailto:office@taxi-central.at\">office@taxi-central.at<\/a><\/h2>\n<\/div><\/div><footer class=\"entry-footer\"><\/footer><\/article><\/div>\n<\/div><\/div><\/div><!-- close content main div --><\/div><\/div><div id='after_section_2'  class='main_color av_default_container_wrap container_wrap sidebar_right'  ><div class='container av-section-cont-open' ><div class='template-page content  av-content-small alpha units'><div class='post-entry post-entry-type-page post-entry-265'><div class='entry-content-wrapper clearfix'>\n<section  class='av_textblock_section av-m4xevuh5-bd182f8b54559b9a38dd1bf386ef5ae6 '   itemscope=\"itemscope\" itemtype=\"https:\/\/schema.org\/CreativeWork\" ><div class='avia_textblock'  itemprop=\"text\" ><p><strong>VIP Taxi Service Innsbruck: Erleben Sie unvergleichlichen Komfort<\/strong><\/p>\n<p>Warum sich mit weniger zufrieden geben, wenn Sie nach Innsbruck reisen? Unser <strong>VIP Taxi Service Innsbruck<\/strong> garantiert, dass Ihre Reise genauso luxuri\u00f6s ist wie Ihr Ziel. Ob Sie gesch\u00e4ftlich, zum Skifahren oder einfach zur Erkundung der Region unterwegs sind, wir bieten einen Premium-Service, der Ihre Erwartungen \u00fcbertrifft. Vom Anfang bis zum Ende genie\u00dfen Sie Komfort, Stil und unvergleichliche Bequemlichkeit.<\/p>\n<h3><strong>Komfort und Luxus f\u00fcr jeden Reisenden<\/strong><\/h3>\n<p>Unsere Fahrzeugflotte umfasst eine breite Auswahl an hochklassigen Fahrzeugen, die auf Ihre speziellen Bed\u00fcrfnisse zugeschnitten sind. Egal, ob Sie alleine reisen, mit der Familie oder in einer Gruppe \u2013 wir haben das perfekte Fahrzeug f\u00fcr Sie. Jedes Fahrzeug ist mit luxuri\u00f6sen Ledersitzen, moderner Klimaanlage und anderen Annehmlichkeiten ausgestattet, die Ihren Komfort garantieren. Egal wie lang die Fahrt ist, Sie werden jedes Mal eine entspannte Erfahrung genie\u00dfen, wenn Sie in eines unserer Autos einsteigen.<\/p>\n<h3><strong>Professionelle Fahrer, die Ihren Komfort in den Mittelpunkt stellen<\/strong><\/h3>\n<p>Was unseren <strong>VIP Taxi Service Innsbruck<\/strong> auszeichnet, ist unser Team professioneller Fahrer. Sie sind nicht nur hochqualifiziert, sondern auch freundlich und sachkundig. Sie nehmen sich die Zeit, sicherzustellen, dass Sie w\u00e4hrend der gesamten Fahrt bequem sind. Dar\u00fcber hinaus sind unsere Fahrer stets p\u00fcnktlich, sodass Sie sich darauf verlassen k\u00f6nnen, dass wir Sie rechtzeitig an Ihr Ziel bringen. Ob Sie zum Flughafen, zu einem Hotel oder zu einem Skigebiet fahren, Ihre Fahrt wird stets reibungslos und stressfrei sein.<\/p>\n<h3><strong>Einfacher Buchungsprozess f\u00fcr maximale Bequemlichkeit<\/strong><\/h3>\n<p>Die Buchung eines Taxis bei uns ist schnell und einfach. Sie k\u00f6nnen Ihre Fahrt im Voraus \u00fcber unsere benutzerfreundliche Online-Plattform buchen. Alternativ steht Ihnen unser Kundenserviceteam rund um die Uhr zur Verf\u00fcgung, wenn Sie Ihre Reservierung lieber telefonisch oder per E-Mail vornehmen m\u00f6chten. Wir verstehen, dass sich Pl\u00e4ne \u00e4ndern k\u00f6nnen, und bieten Ihnen daher Flexibilit\u00e4t, falls Sie Ihren Zeitplan anpassen m\u00fcssen.<\/p>\n<h3><strong>Exklusive Funktionen und Dienstleistungen<\/strong><\/h3>\n<p>Um Ihre Fahrt noch besonderer zu machen, bieten wir zus\u00e4tzliche Annehmlichkeiten an. Dazu geh\u00f6ren Erfrischungen im Fahrzeug, Zeitungen und Unterhaltungsm\u00f6glichkeiten. Unser Ziel ist es, sicherzustellen, dass jeder Aspekt Ihrer Reise angenehm ist. Egal, ob Sie gesch\u00e4ftlich oder zum Vergn\u00fcgen reisen, wir erf\u00fcllen all Ihre W\u00fcnsche.<\/p>\n<p>F\u00fcr mehr Informationen \u00fcber Innsbruck und seine besten Sehensw\u00fcrdigkeiten, <a href=\"https:\/\/www.tripadvisor.com\/Tourism-g190445-Innsbruck_Tirol_Austrian_Alps-Vacations.html\">werfen Sie einen Blick auf diesen Reiseleitfaden<\/a>.<\/p>\n<h3><strong>Buchen Sie noch heute Ihren VIP Taxi Service Innsbruck<\/strong><\/h3>\n<p>Warum sich mit gew\u00f6hnlich zufrieden geben, wenn Sie in Luxus reisen k\u00f6nnen? W\u00e4hlen Sie unseren <strong>VIP Taxi Service Innsbruck<\/strong> f\u00fcr Ihre n\u00e4chste Reise und genie\u00dfen Sie eine nahtlose, stilvolle Fahrt. Buchen Sie noch heute Ihr Taxi und erleben Sie einen erstklassigen Service von Anfang bis Ende. Wir freuen uns darauf, Ihre Reise unvergesslich zu machen.<\/p>\n<\/div><\/section>\n","protected":false},"excerpt":{"rendered":"","protected":false},"author":3,"featured_media":0,"parent":0,"menu_order":0,"comment_status":"closed","ping_status":"closed","template":"","meta":{"footnotes":""},"class_list":["post-265","page","type-page","status-publish","hentry"],"yoast_head":"<!-- This site is optimized with the Yoast SEO plugin v24.0 - https:\/\/yoast.com\/wordpress\/plugins\/seo\/ -->\n<title>VIP Taxi Service Innsbruck | Luxus und zuverl\u00e4ssige Taxifahrten<\/title>\n<meta name=\"description\" content=\"Erleben Sie den Komfort des VIP Taxi Service Innsbruck. Buchen Sie luxuri\u00f6se, zuverl\u00e4ssige und exklusive Taxifahrten. Jetzt reservieren!\" \/>\n<meta name=\"robots\" content=\"index, follow, max-snippet:-1, max-image-preview:large, max-video-preview:-1\" \/>\n<link rel=\"canonical\" href=\"https:\/\/www.taxi-central-innsbruck.com\/de\/vip-taxi-innsbruck\/\" \/>\n<meta property=\"og:locale\" content=\"de_DE\" \/>\n<meta property=\"og:type\" content=\"article\" \/>\n<meta property=\"og:title\" content=\"VIP Taxi Service Innsbruck | Luxus und zuverl\u00e4ssige Taxifahrten\" \/>\n<meta property=\"og:description\" content=\"Erleben Sie den Komfort des VIP Taxi Service Innsbruck. Buchen Sie luxuri\u00f6se, zuverl\u00e4ssige und exklusive Taxifahrten. Jetzt reservieren!\" \/>\n<meta property=\"og:url\" content=\"https:\/\/www.taxi-central-innsbruck.com\/de\/vip-taxi-innsbruck\/\" \/>\n<meta property=\"og:site_name\" content=\"Taxi Central Innsbruck Tirol Austria\" \/>\n<meta property=\"article:modified_time\" content=\"2024-12-20T23:58:49+00:00\" \/>\n<meta name=\"twitter:label1\" content=\"Gesch\u00e4tzte Lesezeit\" \/>\n\t<meta name=\"twitter:data1\" content=\"4\u00a0Minuten\" \/>\n<script type=\"application\/ld+json\" class=\"yoast-schema-graph\">{\"@context\":\"https:\/\/schema.org\",\"@graph\":[{\"@type\":\"WebPage\",\"@id\":\"https:\/\/www.taxi-central-innsbruck.com\/de\/vip-taxi-innsbruck\/\",\"url\":\"https:\/\/www.taxi-central-innsbruck.com\/de\/vip-taxi-innsbruck\/\",\"name\":\"VIP Taxi Service Innsbruck | Luxus und zuverl\u00e4ssige Taxifahrten\",\"isPartOf\":{\"@id\":\"https:\/\/www.taxi-central-innsbruck.com\/de\/#website\"},\"datePublished\":\"2013-11-04T06:18:48+00:00\",\"dateModified\":\"2024-12-20T23:58:49+00:00\",\"description\":\"Erleben Sie den Komfort des VIP Taxi Service Innsbruck. Buchen Sie luxuri\u00f6se, zuverl\u00e4ssige und exklusive Taxifahrten. Jetzt reservieren!\",\"inLanguage\":\"de\",\"potentialAction\":[{\"@type\":\"ReadAction\",\"target\":[\"https:\/\/www.taxi-central-innsbruck.com\/de\/vip-taxi-innsbruck\/\"]}]},{\"@type\":\"WebSite\",\"@id\":\"https:\/\/www.taxi-central-innsbruck.com\/de\/#website\",\"url\":\"https:\/\/www.taxi-central-innsbruck.com\/de\/\",\"name\":\"Taxi Central Innsbruck Tirol Austria\",\"description\":\"www.taxi-central.at\",\"potentialAction\":[{\"@type\":\"SearchAction\",\"target\":{\"@type\":\"EntryPoint\",\"urlTemplate\":\"https:\/\/www.taxi-central-innsbruck.com\/de\/?s={search_term_string}\"},\"query-input\":{\"@type\":\"PropertyValueSpecification\",\"valueRequired\":true,\"valueName\":\"search_term_string\"}}],\"inLanguage\":\"de\"}]}<\/script>\n<!-- \/ Yoast SEO plugin. -->","yoast_head_json":{"title":"VIP Taxi Service Innsbruck | Luxus und zuverl\u00e4ssige Taxifahrten","description":"Erleben Sie den Komfort des VIP Taxi Service Innsbruck. Buchen Sie luxuri\u00f6se, zuverl\u00e4ssige und exklusive Taxifahrten. Jetzt reservieren!","robots":{"index":"index","follow":"follow","max-snippet":"max-snippet:-1","max-image-preview":"max-image-preview:large","max-video-preview":"max-video-preview:-1"},"canonical":"https:\/\/www.taxi-central-innsbruck.com\/de\/vip-taxi-innsbruck\/","og_locale":"de_DE","og_type":"article","og_title":"VIP Taxi Service Innsbruck | Luxus und zuverl\u00e4ssige Taxifahrten","og_description":"Erleben Sie den Komfort des VIP Taxi Service Innsbruck. Buchen Sie luxuri\u00f6se, zuverl\u00e4ssige und exklusive Taxifahrten. Jetzt reservieren!","og_url":"https:\/\/www.taxi-central-innsbruck.com\/de\/vip-taxi-innsbruck\/","og_site_name":"Taxi Central Innsbruck Tirol Austria","article_modified_time":"2024-12-20T23:58:49+00:00","twitter_misc":{"Gesch\u00e4tzte Lesezeit":"4\u00a0Minuten"},"schema":{"@context":"https:\/\/schema.org","@graph":[{"@type":"WebPage","@id":"https:\/\/www.taxi-central-innsbruck.com\/de\/vip-taxi-innsbruck\/","url":"https:\/\/www.taxi-central-innsbruck.com\/de\/vip-taxi-innsbruck\/","name":"VIP Taxi Service Innsbruck | Luxus und zuverl\u00e4ssige Taxifahrten","isPartOf":{"@id":"https:\/\/www.taxi-central-innsbruck.com\/de\/#website"},"datePublished":"2013-11-04T06:18:48+00:00","dateModified":"2024-12-20T23:58:49+00:00","description":"Erleben Sie den Komfort des VIP Taxi Service Innsbruck. Buchen Sie luxuri\u00f6se, zuverl\u00e4ssige und exklusive Taxifahrten. Jetzt reservieren!","inLanguage":"de","potentialAction":[{"@type":"ReadAction","target":["https:\/\/www.taxi-central-innsbruck.com\/de\/vip-taxi-innsbruck\/"]}]},{"@type":"WebSite","@id":"https:\/\/www.taxi-central-innsbruck.com\/de\/#website","url":"https:\/\/www.taxi-central-innsbruck.com\/de\/","name":"Taxi Central Innsbruck Tirol Austria","description":"www.taxi-central.at","potentialAction":[{"@type":"SearchAction","target":{"@type":"EntryPoint","urlTemplate":"https:\/\/www.taxi-central-innsbruck.com\/de\/?s={search_term_string}"},"query-input":{"@type":"PropertyValueSpecification","valueRequired":true,"valueName":"search_term_string"}}],"inLanguage":"de"}]}},"_links":{"self":[{"href":"https:\/\/www.taxi-central-innsbruck.com\/de\/wp-json\/wp\/v2\/pages\/265"}],"collection":[{"href":"https:\/\/www.taxi-central-innsbruck.com\/de\/wp-json\/wp\/v2\/pages"}],"about":[{"href":"https:\/\/www.taxi-central-innsbruck.com\/de\/wp-json\/wp\/v2\/types\/page"}],"author":[{"embeddable":true,"href":"https:\/\/www.taxi-central-innsbruck.com\/de\/wp-json\/wp\/v2\/users\/3"}],"replies":[{"embeddable":true,"href":"https:\/\/www.taxi-central-innsbruck.com\/de\/wp-json\/wp\/v2\/comments?post=265"}],"version-history":[{"count":7,"href":"https:\/\/www.taxi-central-innsbruck.com\/de\/wp-json\/wp\/v2\/pages\/265\/revisions"}],"predecessor-version":[{"id":1313,"href":"https:\/\/www.taxi-central-innsbruck.com\/de\/wp-json\/wp\/v2\/pages\/265\/revisions\/1313"}],"wp:attachment":[{"href":"https:\/\/www.taxi-central-innsbruck.com\/de\/wp-json\/wp\/v2\/media?parent=265"}],"curies":[{"name":"wp","href":"https:\/\/api.w.org\/{rel}","templated":true}]}}